{"id":20244,"date":"2018-03-13T11:45:06","date_gmt":"2018-03-13T10:45:06","guid":{"rendered":"http:\/\/www.irisem.com\/irisem-sanitized\/"},"modified":"2018-03-21T13:37:34","modified_gmt":"2018-03-21T12:37:34","slug":"irisem-sanitized","status":"publish","type":"page","link":"https:\/\/www.irisem.com\/pt\/irisem-sanitized\/","title":{"rendered":"Irisem sanitized"},"content":{"rendered":"<p><div class=\"fusion-fullwidth fullwidth-box fusion-builder-row-1 fusion-parallax-none nonhundred-percent-fullwidth non-hundred-percent-height-scrolling\" style=\"--awb-border-color:#7cad39;--awb-border-radius-top-left:0px;--awb-border-radius-top-right:0px;--awb-border-radius-bottom-right:0px;--awb-border-radius-bottom-left:0px;--awb-padding-top:250px;--awb-padding-bottom:250px;--awb-margin-top:-80px;--awb-margin-bottom:80px;--awb-background-image:url(&quot;http:\/\/www.irisem.com\/wp-content\/uploads\/2018\/03\/banner-2.png&quot;);--awb-background-size:cover;--awb-border-sizes-top:1px;--awb-border-sizes-bottom:1px;--awb-flex-wrap:wrap;\" ><div class=\"fusion-builder-row fusion-row\"><\/div><\/div><div class=\"fusion-fullwidth fullwidth-box fusion-builder-row-2 nonhundred-percent-fullwidth non-hundred-percent-height-scrolling\" style=\"--awb-border-radius-top-left:0px;--awb-border-radius-top-right:0px;--awb-border-radius-bottom-right:0px;--awb-border-radius-bottom-left:0px;--awb-flex-wrap:wrap;\" ><div class=\"fusion-builder-row fusion-row\"><div class=\"fusion-layout-column fusion_builder_column fusion-builder-column-0 fusion_builder_column_1_1 1_1 fusion-one-full fusion-column-first fusion-column-last\" style=\"--awb-bg-size:cover;\"><div class=\"fusion-column-wrapper fusion-flex-column-wrapper-legacy\"><div class=\"fusion-title title fusion-title-1 fusion-title-center fusion-title-text fusion-title-size-one\" style=\"--awb-margin-bottom:40px;--awb-margin-top-small:10px;--awb-margin-right-small:0px;--awb-margin-bottom-small:10px;--awb-margin-left-small:0px;\"><div class=\"title-sep-container title-sep-container-left\"><div class=\"title-sep sep-single sep-solid\" style=\"border-color:#e0dede;\"><\/div><\/div><span class=\"awb-title-spacer\"><\/span><h1 class=\"fusion-title-heading title-heading-center\" style=\"margin:0;\">Sanitized\u00ae<\/h1><span class=\"awb-title-spacer\"><\/span><div class=\"title-sep-container title-sep-container-right\"><div class=\"title-sep sep-single sep-solid\" style=\"border-color:#e0dede;\"><\/div><\/div><\/div><div class=\"fusion-clearfix\"><\/div><\/div><\/div><div class=\"fusion-layout-column fusion_builder_column fusion-builder-column-1 fusion_builder_column_1_1 1_1 fusion-one-full fusion-column-first fusion-column-last\" style=\"--awb-bg-size:cover;--awb-margin-top:-20px;\"><div class=\"fusion-column-wrapper fusion-flex-column-wrapper-legacy\"><div class=\"fusion-text fusion-text-1\"><h2 style=\"text-align: center;\">Reduzir e impedir a coloniza\u00e7\u00e3o e prolifera\u00e7\u00e3o de bact\u00e9rias, bolor, algas e \u00e1caros do p\u00f3 dom\u00e9stico, causadores de odores desagrad\u00e1veis, manchas e desgaste do material.<\/h2>\n<\/div><div class=\"fusion-text fusion-text-2\"><p style=\"text-align: justify;\">A Irisem coloca \u00e0 sua disposi\u00e7\u00e3o os produtos de marcas l\u00edderes do setor como Sanitized\u00ae.<\/p>\n<p style=\"text-align: justify;\">A fun\u00e7\u00e3o higi\u00e9nica Sanitized\u00ae combina frescura, bem-estar e prote\u00e7\u00e3o do material\u2212tr\u00eas aspetos que podem ser utilizados em produtos pl\u00e1sticos. A ideia subjacente a esta fun\u00e7\u00e3o protetora que se utiliza desde h\u00e1 v\u00e1rios anos em todo o mundo com muito bons resultados \u00e9 atrav\u00e9s do acabamento antimicrobiano com Sanitized\u00ae, reduzir e impedir a coloniza\u00e7\u00e3o e prolifera\u00e7\u00e3o de bact\u00e9rias, bolor, algas e \u00e1caros do p\u00f3 dom\u00e9stico, causadores de odores desagrad\u00e1veis, manchas e desgaste do material.<\/p>\n<p style=\"text-align: justify;\">Os produtos Sanitized\u00ae s\u00e3o compat\u00edveis com os sistemas portadores e aditivos mais comuns. O tratamento Sanitized\u00ae n\u00e3o modifica as propriedades do produto.<\/p>\n<\/div><div class=\"fusion-clearfix\"><\/div><\/div><\/div><\/div><\/div><div class=\"fusion-fullwidth fullwidth-box fusion-builder-row-3 nonhundred-percent-fullwidth non-hundred-percent-height-scrolling\" style=\"--awb-border-radius-top-left:0px;--awb-border-radius-top-right:0px;--awb-border-radius-bottom-right:0px;--awb-border-radius-bottom-left:0px;--awb-padding-top:80px;--awb-padding-bottom:80px;--awb-flex-wrap:wrap;\" ><div class=\"fusion-builder-row fusion-row\"><div class=\"fusion-layout-column fusion_builder_column fusion-builder-column-2 fusion_builder_column_1_3 1_3 fusion-one-third fusion-column-first\" style=\"--awb-bg-size:cover;width:33.333333333333%;width:calc(33.333333333333% - ( ( 4% + 4% ) * 0.33333333333333 ) );margin-right: 4%;\"><div class=\"fusion-column-wrapper fusion-flex-column-wrapper-legacy\"><div class=\"fusion-image-element fusion-image-align-center in-legacy-container\" style=\"text-align:center;--awb-caption-title-font-family:var(--h2_typography-font-family);--awb-caption-title-font-weight:var(--h2_typography-font-weight);--awb-caption-title-font-style:var(--h2_typography-font-style);--awb-caption-title-size:var(--h2_typography-font-size);--awb-caption-title-transform:var(--h2_typography-text-transform);--awb-caption-title-line-height:var(--h2_typography-line-height);--awb-caption-title-letter-spacing:var(--h2_typography-letter-spacing);\"><div class=\"imageframe-align-center\"><span class=\" fusion-imageframe imageframe-none imageframe-1 hover-type-none\"><img decoding=\"async\" width=\"400\" height=\"200\" title=\"olores-400&#215;200\" src=\"http:\/\/www.irisem.com\/wp-content\/uploads\/2018\/03\/olores-400x200.jpg\" alt class=\"img-responsive wp-image-20226\" srcset=\"https:\/\/www.irisem.com\/wp-content\/uploads\/2018\/03\/olores-400x200-200x100.jpg 200w, https:\/\/www.irisem.com\/wp-content\/uploads\/2018\/03\/olores-400x200.jpg 400w\" sizes=\"(max-width: 800px) 100vw, 400px\" \/><\/span><\/div><\/div><div class=\"fusion-text fusion-text-3\"><h2 style=\"text-align: center; padding: 20px 0px 0px 0px;\">Controlo ativo de odores<\/h2>\n<\/div><div class=\"fusion-text fusion-text-4\"><p style=\"text-align: center;\">A fun\u00e7\u00e3o de controlo de odores Sanitized\u00ae reduz a acumula\u00e7\u00e3o de componentes de maus odores, contribuindo assim para um maior bem-estar.<\/p>\n<\/div><div class=\"fusion-clearfix\"><\/div><\/div><\/div><div class=\"fusion-layout-column fusion_builder_column fusion-builder-column-3 fusion_builder_column_1_3 1_3 fusion-one-third\" style=\"--awb-bg-size:cover;width:33.333333333333%;width:calc(33.333333333333% - ( ( 4% + 4% ) * 0.33333333333333 ) );margin-right: 4%;\"><div class=\"fusion-column-wrapper fusion-flex-column-wrapper-legacy\"><div class=\"fusion-image-element fusion-image-align-center in-legacy-container\" style=\"text-align:center;--awb-caption-title-font-family:var(--h2_typography-font-family);--awb-caption-title-font-weight:var(--h2_typography-font-weight);--awb-caption-title-font-style:var(--h2_typography-font-style);--awb-caption-title-size:var(--h2_typography-font-size);--awb-caption-title-transform:var(--h2_typography-text-transform);--awb-caption-title-line-height:var(--h2_typography-line-height);--awb-caption-title-letter-spacing:var(--h2_typography-letter-spacing);\"><div class=\"imageframe-align-center\"><span class=\" fusion-imageframe imageframe-none imageframe-2 hover-type-none\"><img decoding=\"async\" width=\"400\" height=\"200\" title=\"formas-400&#215;200\" src=\"http:\/\/www.irisem.com\/wp-content\/uploads\/2018\/03\/formas-400x200.jpg\" alt class=\"img-responsive wp-image-20227\" srcset=\"https:\/\/www.irisem.com\/wp-content\/uploads\/2018\/03\/formas-400x200-200x100.jpg 200w, https:\/\/www.irisem.com\/wp-content\/uploads\/2018\/03\/formas-400x200.jpg 400w\" sizes=\"(max-width: 800px) 100vw, 400px\" \/><\/span><\/div><\/div><div class=\"fusion-text fusion-text-5\"><h2 style=\"text-align: center; padding: 20px 0px 0px 0px;\">Formas de apresenta\u00e7\u00e3o<\/h2>\n<\/div><div class=\"fusion-text fusion-text-6\"><p style=\"text-align: center;\">Para satisfazer as necessidades das mais diversas ind\u00fastrias dos nossos clientes em todo o mundo.<\/p>\n<\/div><div class=\"fusion-clearfix\"><\/div><\/div><\/div><div class=\"fusion-layout-column fusion_builder_column fusion-builder-column-4 fusion_builder_column_1_3 1_3 fusion-one-third fusion-column-last\" style=\"--awb-bg-size:cover;width:33.333333333333%;width:calc(33.333333333333% - ( ( 4% + 4% ) * 0.33333333333333 ) );\"><div class=\"fusion-column-wrapper fusion-flex-column-wrapper-legacy\"><div class=\"fusion-image-element fusion-image-align-center in-legacy-container\" style=\"text-align:center;--awb-caption-title-font-family:var(--h2_typography-font-family);--awb-caption-title-font-weight:var(--h2_typography-font-weight);--awb-caption-title-font-style:var(--h2_typography-font-style);--awb-caption-title-size:var(--h2_typography-font-size);--awb-caption-title-transform:var(--h2_typography-text-transform);--awb-caption-title-line-height:var(--h2_typography-line-height);--awb-caption-title-letter-spacing:var(--h2_typography-letter-spacing);\"><div class=\"imageframe-align-center\"><span class=\" fusion-imageframe imageframe-none imageframe-3 hover-type-none\"><img decoding=\"async\" width=\"400\" height=\"200\" title=\"procesos-400&#215;200\" src=\"http:\/\/www.irisem.com\/wp-content\/uploads\/2018\/03\/procesos-400x200.jpg\" alt class=\"img-responsive wp-image-20228\" srcset=\"https:\/\/www.irisem.com\/wp-content\/uploads\/2018\/03\/procesos-400x200-200x100.jpg 200w, https:\/\/www.irisem.com\/wp-content\/uploads\/2018\/03\/procesos-400x200.jpg 400w\" sizes=\"(max-width: 800px) 100vw, 400px\" \/><\/span><\/div><\/div><div class=\"fusion-text fusion-text-7\"><h2 style=\"text-align: center; padding: 20px 0px 0px 0px;\">Processos de aplica\u00e7\u00e3o:<\/h2>\n<\/div><div class=\"fusion-text fusion-text-8\"><p style=\"text-align: center;\">Em fun\u00e7\u00e3o do processo de aplica\u00e7\u00e3o, os produtos Sanitized\u00ae podem ser incorporados nos artigos durante diferentes etapas de fabrica\u00e7\u00e3o.<\/p>\n<\/div><div class=\"fusion-clearfix\"><\/div><\/div><\/div><\/div><\/div><div class=\"fusion-fullwidth fullwidth-box fusion-builder-row-4 nonhundred-percent-fullwidth non-hundred-percent-height-scrolling\" style=\"--awb-border-radius-top-left:0px;--awb-border-radius-top-right:0px;--awb-border-radius-bottom-right:0px;--awb-border-radius-bottom-left:0px;--awb-padding-bottom:80px;--awb-flex-wrap:wrap;\" ><div class=\"fusion-builder-row fusion-row\"><div class=\"fusion-layout-column fusion_builder_column fusion-builder-column-5 fusion_builder_column_1_1 1_1 fusion-one-full fusion-column-first fusion-column-last\" style=\"--awb-bg-size:cover;\"><div class=\"fusion-column-wrapper fusion-flex-column-wrapper-legacy\"><div class=\"fusion-title title fusion-title-2 fusion-title-text fusion-title-size-two\" style=\"--awb-margin-top-small:10px;--awb-margin-right-small:0px;--awb-margin-bottom-small:10px;--awb-margin-left-small:0px;\"><h2 class=\"fusion-title-heading title-heading-left\" style=\"margin:0;\"><p style=\"text-align: center;\">Aplica\u00e7\u00f5es do Produto<\/p><\/h2><span class=\"awb-title-spacer\"><\/span><div class=\"title-sep-container\"><div class=\"title-sep sep-double sep-solid\" style=\"border-color:#e0dede;\"><\/div><\/div><\/div><div class=\"fusion-text fusion-text-9\"><p>Os produtos Sanitized\u00ae podem ser usados em diversas aplica\u00e7\u00f5es como filmes, fibras, l\u00e2minas, revestimentos e espumas, oferecendo propriedades antimicrobianas de efeito prolongado aos artigos tratados. Dependendo da tecnologia aplicada, \u00e9 poss\u00edvel o uso dos produtos nos processos de extrus\u00e3o, moldagem por inje\u00e7\u00e3o, masterbatch e compounding.<\/p>\n<p>A tecnologia antimicrobiana de Sanitized\u00ae apoia eficazmente as medidas de higiene em casas de banho e cozinhas, mas tamb\u00e9m em hospitais, institui\u00e7\u00f5es de cuidados sanit\u00e1rios ou meios de transporte p\u00fablico (por ex. mediante o tratamento de revestimentos de paredes e solos, puxadores ou assentos).<\/p>\n<p>Na Irisem podemos adaptar segundo as suas necessidades os diferentes produtos, assim como incorporar novas formula\u00e7\u00f5es ou mudar as existentes para ampliar as possibilidades. Pergunte-nos pelas distintas aplica\u00e7\u00f5es e as diferentes subst\u00e2ncias ativas (prata, piritionato de zinco, Isotiazolinona\u2026) e a nossa equipa de especialistas vai ajud\u00e1-lo a encontrar a melhor solu\u00e7\u00e3o.<\/p>\n<h4 style=\"padding-left: 60px; text-align: justify;\"><\/h4>\n<div>\n<p><img decoding=\"async\" class=\"wp-image-669 alignright\" src=\"http:\/\/www.irisem.com\/wp-content\/uploads\/2015\/11\/juanmiguel-raga.png\" alt=\"Juan Miguel Raga\" width=\"108\" height=\"84\" \/><\/p>\n<h5 style=\"text-align: right;\">Juan Miguel Raga<\/h5>\n<h6 style=\"text-align: right;\">T\u00e9cnico-comercial<\/h6>\n<\/div>\n<\/div><div class=\"fusion-clearfix\"><\/div><\/div><\/div><\/div><\/div><div class=\"fusion-fullwidth fullwidth-box fusion-builder-row-5 nonhundred-percent-fullwidth non-hundred-percent-height-scrolling\" style=\"--awb-border-radius-top-left:0px;--awb-border-radius-top-right:0px;--awb-border-radius-bottom-right:0px;--awb-border-radius-bottom-left:0px;--awb-margin-bottom:80px;--awb-flex-wrap:wrap;\" ><div class=\"fusion-builder-row fusion-row\"><div class=\"fusion-layout-column fusion_builder_column fusion-builder-column-6 fusion_builder_column_1_1 1_1 fusion-one-full fusion-column-first fusion-column-last\" style=\"--awb-bg-size:cover;\"><div class=\"fusion-column-wrapper fusion-flex-column-wrapper-legacy\"><div class=\"fusion-text fusion-text-10\"><h3 style=\"text-align: center;\">Rodacal Beyem y Sanitized firman un Acuerdo de Licencia<br \/>\npara incorporar la tecnolog\u00eda de la multinacional suiza a morteros industriales<\/h3>\n<h3><img decoding=\"async\" class=\"alignleft wp-image-920 \" src=\"http:\/\/www.irisem.com\/wp-content\/uploads\/2017\/01\/certificado-rodacal-e1486729803788.jpg\" alt=\"\" width=\"538\" height=\"551\" \/><\/h3>\n<p>Rodacal Beyem chegou a acordo com a Sanitized, atrav\u00e9s do seu distribuidor em Espanha, a Irisem, para a incorpora\u00e7\u00e3o da tecnologia da multinacional su\u00ed\u00e7a nos bet\u00f5es industriais concebidos e fabricados pela empresa espanhola.<\/p>\n<p>Atrav\u00e9s deste acordo, o l\u00edder mundial em prote\u00e7\u00e3o higi\u00e9nica do material introduz-se no setor da constru\u00e7\u00e3o, aproveitando a sua dilatada experi\u00eancia no setor do pl\u00e1stico e t\u00eaxtil, de m\u00e3o dada com o seu distribuidor, a Irisem, e com a Rodacal Beyem, referente no mercado espanhol na fabrica\u00e7\u00e3o e comercializa\u00e7\u00e3o de produtos para a constru\u00e7\u00e3o baseados em ligantes.<\/p>\n<p>Atrav\u00e9s da utiliza\u00e7\u00e3o desta tecnologia, a Rodacal Beyem pretende dotar os seus produtos relacionados com superf\u00edcies higienizadas que se repercutam num maior conforto por parte do utilizador final.<\/p>\n<p>A Rodacal Beyem \u00e9 uma empresa dedicada, h\u00e1 mais de 30 anos, \u00e0 fabrica\u00e7\u00e3o e distribui\u00e7\u00e3o de produtos para a constru\u00e7\u00e3o. A empresa foi fundada no ano de 1986 em La Roda. No seu in\u00edcio, manufaturava e distribu\u00eda produtos derivados da cal.<\/p>\n<p>Em 1988 a Rodacal Beyem fabrica pela primeira vez cimento cola. A partir daqui, a empresa reorienta a sua produ\u00e7\u00e3o e distribui\u00e7\u00e3o de produtos derivados do cimento. Hoje em dia a Rodacal Beyem oferece toda a classe de solu\u00e7\u00f5es construtivas para a edifica\u00e7\u00e3o e constitui um referente dentro do setor.<\/p>\n<p>A Sanitized AG \u00e9 a empresa su\u00ed\u00e7a l\u00edder mundial na fun\u00e7\u00e3o higi\u00e9nica e na prote\u00e7\u00e3o do material para artigos t\u00eaxteis e pl\u00e1sticos. H\u00e1 mais de 80 anos que realiza um trabalho pioneiro no desenvolvimento de tecnologias seguras, eficazes e inovadoras para a prote\u00e7\u00e3o antimicrobiana: Produtos antibacterianos, produtos contra o bolor, subst\u00e2ncias ativas contra a destrui\u00e7\u00e3o de materiais e produtos contra os \u00e1caros do p\u00f3 dom\u00e9stico.<\/p>\n<\/div><div class=\"fusion-clearfix\"><\/div><\/div><\/div><\/div><\/div><\/p>\n","protected":false},"excerpt":{"rendered":"","protected":false},"author":1,"featured_media":0,"parent":0,"menu_order":0,"comment_status":"closed","ping_status":"closed","template":"100-width.php","meta":{"footnotes":""},"class_list":["post-20244","page","type-page","status-publish","hentry"],"yoast_head":"<!-- This site is optimized with the Yoast SEO plugin v27.1.1 - https:\/\/yoast.com\/product\/yoast-seo-wordpress\/ -->\n<title>Irisem sanitized - Irisem - Aditivos, pigmentos y colorantes qu\u00edmicos<\/title>\n<meta name=\"robots\" content=\"index, follow, max-snippet:-1, max-image-preview:large, max-video-preview:-1\" \/>\n<link rel=\"canonical\" href=\"https:\/\/www.irisem.com\/pt\/irisem-sanitized\/\" \/>\n<meta property=\"og:locale\" content=\"pt_PT\" \/>\n<meta property=\"og:type\" content=\"article\" \/>\n<meta property=\"og:title\" content=\"Irisem sanitized - Irisem - Aditivos, pigmentos y colorantes qu\u00edmicos\" \/>\n<meta property=\"og:url\" content=\"https:\/\/www.irisem.com\/pt\/irisem-sanitized\/\" \/>\n<meta property=\"og:site_name\" content=\"Irisem\" \/>\n<meta property=\"article:modified_time\" content=\"2018-03-21T12:37:34+00:00\" \/>\n<meta property=\"og:image\" content=\"http:\/\/www.irisem.com\/wp-content\/uploads\/2015\/11\/juanmiguel-raga.png\" \/>\n<meta name=\"twitter:label1\" content=\"Est. reading time\" \/>\n\t<meta name=\"twitter:data1\" content=\"10 minutes\" \/>\n<script type=\"application\/ld+json\" class=\"yoast-schema-graph\">{\"@context\":\"https:\/\/schema.org\",\"@graph\":[{\"@type\":\"WebPage\",\"@id\":\"https:\/\/www.irisem.com\/pt\/irisem-sanitized\/\",\"url\":\"https:\/\/www.irisem.com\/pt\/irisem-sanitized\/\",\"name\":\"Irisem sanitized - Irisem - Aditivos, pigmentos y colorantes qu\u00edmicos\",\"isPartOf\":{\"@id\":\"https:\/\/www.irisem.com\/#website\"},\"primaryImageOfPage\":{\"@id\":\"https:\/\/www.irisem.com\/pt\/irisem-sanitized\/#primaryimage\"},\"image\":{\"@id\":\"https:\/\/www.irisem.com\/pt\/irisem-sanitized\/#primaryimage\"},\"thumbnailUrl\":\"http:\/\/www.irisem.com\/wp-content\/uploads\/2015\/11\/juanmiguel-raga.png\",\"datePublished\":\"2018-03-13T10:45:06+00:00\",\"dateModified\":\"2018-03-21T12:37:34+00:00\",\"breadcrumb\":{\"@id\":\"https:\/\/www.irisem.com\/pt\/irisem-sanitized\/#breadcrumb\"},\"inLanguage\":\"pt\",\"potentialAction\":[{\"@type\":\"ReadAction\",\"target\":[\"https:\/\/www.irisem.com\/pt\/irisem-sanitized\/\"]}]},{\"@type\":\"ImageObject\",\"inLanguage\":\"pt\",\"@id\":\"https:\/\/www.irisem.com\/pt\/irisem-sanitized\/#primaryimage\",\"url\":\"http:\/\/www.irisem.com\/wp-content\/uploads\/2015\/11\/juanmiguel-raga.png\",\"contentUrl\":\"http:\/\/www.irisem.com\/wp-content\/uploads\/2015\/11\/juanmiguel-raga.png\"},{\"@type\":\"BreadcrumbList\",\"@id\":\"https:\/\/www.irisem.com\/pt\/irisem-sanitized\/#breadcrumb\",\"itemListElement\":[{\"@type\":\"ListItem\",\"position\":1,\"name\":\"Portada\",\"item\":\"https:\/\/www.irisem.com\/pt\/\"},{\"@type\":\"ListItem\",\"position\":2,\"name\":\"Irisem sanitized\"}]},{\"@type\":\"WebSite\",\"@id\":\"https:\/\/www.irisem.com\/#website\",\"url\":\"https:\/\/www.irisem.com\/\",\"name\":\"Irisem\",\"description\":\"Irisem, especialistas en colorantes, aditivos y pigmentos\",\"potentialAction\":[{\"@type\":\"SearchAction\",\"target\":{\"@type\":\"EntryPoint\",\"urlTemplate\":\"https:\/\/www.irisem.com\/?s={search_term_string}\"},\"query-input\":{\"@type\":\"PropertyValueSpecification\",\"valueRequired\":true,\"valueName\":\"search_term_string\"}}],\"inLanguage\":\"pt\"}]}<\/script>\n<!-- \/ Yoast SEO plugin. -->","yoast_head_json":{"title":"Irisem sanitized - Irisem - Aditivos, pigmentos y colorantes qu\u00edmicos","robots":{"index":"index","follow":"follow","max-snippet":"max-snippet:-1","max-image-preview":"max-image-preview:large","max-video-preview":"max-video-preview:-1"},"canonical":"https:\/\/www.irisem.com\/pt\/irisem-sanitized\/","og_locale":"pt_PT","og_type":"article","og_title":"Irisem sanitized - Irisem - Aditivos, pigmentos y colorantes qu\u00edmicos","og_url":"https:\/\/www.irisem.com\/pt\/irisem-sanitized\/","og_site_name":"Irisem","article_modified_time":"2018-03-21T12:37:34+00:00","og_image":[{"url":"http:\/\/www.irisem.com\/wp-content\/uploads\/2015\/11\/juanmiguel-raga.png","type":"","width":"","height":""}],"twitter_misc":{"Est. reading time":"10 minutes"},"schema":{"@context":"https:\/\/schema.org","@graph":[{"@type":"WebPage","@id":"https:\/\/www.irisem.com\/pt\/irisem-sanitized\/","url":"https:\/\/www.irisem.com\/pt\/irisem-sanitized\/","name":"Irisem sanitized - Irisem - Aditivos, pigmentos y colorantes qu\u00edmicos","isPartOf":{"@id":"https:\/\/www.irisem.com\/#website"},"primaryImageOfPage":{"@id":"https:\/\/www.irisem.com\/pt\/irisem-sanitized\/#primaryimage"},"image":{"@id":"https:\/\/www.irisem.com\/pt\/irisem-sanitized\/#primaryimage"},"thumbnailUrl":"http:\/\/www.irisem.com\/wp-content\/uploads\/2015\/11\/juanmiguel-raga.png","datePublished":"2018-03-13T10:45:06+00:00","dateModified":"2018-03-21T12:37:34+00:00","breadcrumb":{"@id":"https:\/\/www.irisem.com\/pt\/irisem-sanitized\/#breadcrumb"},"inLanguage":"pt","potentialAction":[{"@type":"ReadAction","target":["https:\/\/www.irisem.com\/pt\/irisem-sanitized\/"]}]},{"@type":"ImageObject","inLanguage":"pt","@id":"https:\/\/www.irisem.com\/pt\/irisem-sanitized\/#primaryimage","url":"http:\/\/www.irisem.com\/wp-content\/uploads\/2015\/11\/juanmiguel-raga.png","contentUrl":"http:\/\/www.irisem.com\/wp-content\/uploads\/2015\/11\/juanmiguel-raga.png"},{"@type":"BreadcrumbList","@id":"https:\/\/www.irisem.com\/pt\/irisem-sanitized\/#breadcrumb","itemListElement":[{"@type":"ListItem","position":1,"name":"Portada","item":"https:\/\/www.irisem.com\/pt\/"},{"@type":"ListItem","position":2,"name":"Irisem sanitized"}]},{"@type":"WebSite","@id":"https:\/\/www.irisem.com\/#website","url":"https:\/\/www.irisem.com\/","name":"Irisem","description":"Irisem, especialistas en colorantes, aditivos y pigmentos","potentialAction":[{"@type":"SearchAction","target":{"@type":"EntryPoint","urlTemplate":"https:\/\/www.irisem.com\/?s={search_term_string}"},"query-input":{"@type":"PropertyValueSpecification","valueRequired":true,"valueName":"search_term_string"}}],"inLanguage":"pt"}]}},"_links":{"self":[{"href":"https:\/\/www.irisem.com\/pt\/wp-json\/wp\/v2\/pages\/20244","targetHints":{"allow":["GET"]}}],"collection":[{"href":"https:\/\/www.irisem.com\/pt\/wp-json\/wp\/v2\/pages"}],"about":[{"href":"https:\/\/www.irisem.com\/pt\/wp-json\/wp\/v2\/types\/page"}],"author":[{"embeddable":true,"href":"https:\/\/www.irisem.com\/pt\/wp-json\/wp\/v2\/users\/1"}],"replies":[{"embeddable":true,"href":"https:\/\/www.irisem.com\/pt\/wp-json\/wp\/v2\/comments?post=20244"}],"version-history":[{"count":0,"href":"https:\/\/www.irisem.com\/pt\/wp-json\/wp\/v2\/pages\/20244\/revisions"}],"wp:attachment":[{"href":"https:\/\/www.irisem.com\/pt\/wp-json\/wp\/v2\/media?parent=20244"}],"curies":[{"name":"wp","href":"https:\/\/api.w.org\/{rel}","templated":true}]}}