{"id":20194,"date":"2015-02-19T17:45:52","date_gmt":"2015-02-19T17:45:52","guid":{"rendered":"http:\/\/www.irisem.com\/politica-de-cookies\/"},"modified":"2026-03-18T09:47:06","modified_gmt":"2026-03-18T08:47:06","slug":"politica-de-cookies","status":"publish","type":"page","link":"https:\/\/www.irisem.com\/pt\/politica-de-cookies\/","title":{"rendered":"Pol\u00edtica de cookies"},"content":{"rendered":"<div class=\"fusion-fullwidth fullwidth-box fusion-builder-row-1 nonhundred-percent-fullwidth non-hundred-percent-height-scrolling\" style=\"--awb-border-radius-top-left:0px;--awb-border-radius-top-right:0px;--awb-border-radius-bottom-right:0px;--awb-border-radius-bottom-left:0px;--awb-flex-wrap:wrap;\" ><div class=\"fusion-builder-row fusion-row\"><div class=\"fusion-layout-column fusion_builder_column fusion-builder-column-0 fusion_builder_column_1_1 1_1 fusion-one-full fusion-column-first fusion-column-last\" style=\"--awb-bg-size:cover;\"><div class=\"fusion-column-wrapper fusion-flex-column-wrapper-legacy\"><div class=\"fusion-text fusion-text-1\"><h2>O que s\u00e3o cookies?<\/h2>\n<p>Esta Pol\u00edtica de Cookies explica o que s\u00e3o os cookies e como os utilizamos, os tipos de cookies que utilizamos, ou seja, a informa\u00e7\u00e3o que recolhemos atrav\u00e9s de cookies e a forma como essa informa\u00e7\u00e3o \u00e9 utilizada, e como gerir as defini\u00e7\u00f5es de cookies.<\/p>\n<p>Os cookies s\u00e3o pequenos ficheiros de texto utilizados para armazenar pequenas informa\u00e7\u00f5es. S\u00e3o armazenados no seu dispositivo quando o site \u00e9 carregado no seu browser. Estes cookies ajudam-nos a fazer com que o site funcione corretamente, a torn\u00e1-lo mais seguro, a proporcionar uma melhor experi\u00eancia ao utilizador e a compreender o desempenho do site, bem como a analisar o que funciona e onde precisa de ser melhorado.<\/p>\n<h2>Como usamos os cookies?<\/h2>\n<p>Tal como a maioria dos servi\u00e7os online, o nosso site utiliza cookies pr\u00f3prios e de terceiros para diversas finalidades. Os cookies pr\u00f3prios s\u00e3o, na sua maioria, necess\u00e1rios para o correto funcionamento do site e n\u00e3o recolhem quaisquer dados pessoais identific\u00e1veis.<\/p>\n<p>Os cookies de terceiros utilizados no nosso website servem principalmente para compreender o desempenho do website, como interage com ele, manter a seguran\u00e7a dos nossos servi\u00e7os, exibir an\u00fancios relevantes para si e, de um modo geral, proporcionar uma melhor e mais \u00e1gil experi\u00eancia de utilizador nas suas futuras intera\u00e7\u00f5es com o nosso website.<\/p>\n<p>[wcc_category_list]<\/p>\n<h2>Gerir prefer\u00eancias de cookies<\/h2>\n<p>Pode alterar as suas prefer\u00eancias de cookies a qualquer momento, clicando no bot\u00e3o [wcc_preference_button]. Isto permitir-lhe-\u00e1 voltar ao banner de consentimento de cookies e alterar as suas prefer\u00eancias ou retirar o seu consentimento imediatamente. Al\u00e9m disso, diferentes navegadores oferecem diferentes m\u00e9todos para bloquear e eliminar cookies utilizados pelos websites. Pode alterar as defini\u00e7\u00f5es do seu navegador para bloquear\/apagar os cookies. Abaixo encontrar\u00e1 os links para os documentos de suporte sobre como gerir e eliminar cookies nos principais navegadores da Web&#8230;<\/p>\n<p>Chrome:\u00a0<a href=\"https:\/\/support.google.com\/accounts\/answer\/32050\">https:\/\/support.google.com\/accounts\/answer\/32050<\/a><\/p>\n<p>Safari:\u00a0<a href=\"https:\/\/support.apple.com\/en-in\/guide\/safari\/sfri11471\/mac\">https:\/\/support.apple.com\/en-in\/guide\/safari\/sfri11471\/mac<\/a><\/p>\n<p>Firefox:\u00a0<a href=\"https:\/\/support.mozilla.org\/en-US\/kb\/clear-cookies-and-site-data-firefox?redirectslug=delete-cookies-remove-info-websites-stored&amp;redirectlocale=en-US\">https:\/\/support.mozilla.org\/en-US\/kb\/clear-cookies-and-site-data-firefox?redirectslug=delete-cookies-remove-info-websites-stored&amp;redirectlocale=en-US<\/a><\/p>\n<p>Microsoft Edge:\u00a0<a href=\"https:\/\/support.microsoft.com\/en-us\/microsoft-edge\/delete-cookies-in-microsoft-edge-63947406-40ac-c3b8-57b9-2a946a29ae09\">Delete cookies in Microsoft Edge &#8211; Microsoft Support<\/a><\/p>\n<p>Se estiver a utilizar outro navegador, consulte a documenta\u00e7\u00e3o oficial de suporte do seu navegador.<\/p>\n<\/div><div class=\"fusion-clearfix\"><\/div><\/div><\/div><\/div><\/div>\n","protected":false},"excerpt":{"rendered":"","protected":false},"author":1,"featured_media":0,"parent":0,"menu_order":0,"comment_status":"closed","ping_status":"closed","template":"","meta":{"footnotes":""},"class_list":["post-20194","page","type-page","status-publish","hentry"],"yoast_head":"<!-- This site is optimized with the Yoast SEO plugin v27.1.1 - https:\/\/yoast.com\/product\/yoast-seo-wordpress\/ -->\n<title>Pol\u00edtica de Cookies de Irisem<\/title>\n<meta name=\"description\" content=\"M\u00e1s informaci\u00f3n sobre la pol\u00edtica de cookies de Irisem, especialistas en soluciones qu\u00edmicas de coloraci\u00f3n\" \/>\n<meta name=\"robots\" content=\"noindex, nofollow\" \/>\n<meta property=\"og:locale\" content=\"pt_PT\" \/>\n<meta property=\"og:type\" content=\"article\" \/>\n<meta property=\"og:title\" content=\"Pol\u00edtica de Cookies de Irisem\" \/>\n<meta property=\"og:description\" content=\"M\u00e1s informaci\u00f3n sobre la pol\u00edtica de cookies de Irisem, especialistas en soluciones qu\u00edmicas de coloraci\u00f3n\" \/>\n<meta property=\"og:url\" content=\"https:\/\/www.irisem.com\/pt\/politica-de-cookies\/\" \/>\n<meta property=\"og:site_name\" content=\"Irisem\" \/>\n<meta property=\"article:modified_time\" content=\"2026-03-18T08:47:06+00:00\" \/>\n<meta name=\"twitter:label1\" content=\"Est. reading time\" \/>\n\t<meta name=\"twitter:data1\" content=\"3 minutes\" \/>\n<script type=\"application\/ld+json\" class=\"yoast-schema-graph\">{\"@context\":\"https:\/\/schema.org\",\"@graph\":[{\"@type\":\"WebPage\",\"@id\":\"https:\/\/www.irisem.com\/pt\/politica-de-cookies\/\",\"url\":\"https:\/\/www.irisem.com\/pt\/politica-de-cookies\/\",\"name\":\"Pol\u00edtica de Cookies de Irisem\",\"isPartOf\":{\"@id\":\"https:\/\/www.irisem.com\/#website\"},\"datePublished\":\"2015-02-19T17:45:52+00:00\",\"dateModified\":\"2026-03-18T08:47:06+00:00\",\"description\":\"M\u00e1s informaci\u00f3n sobre la pol\u00edtica de cookies de Irisem, especialistas en soluciones qu\u00edmicas de coloraci\u00f3n\",\"breadcrumb\":{\"@id\":\"https:\/\/www.irisem.com\/pt\/politica-de-cookies\/#breadcrumb\"},\"inLanguage\":\"pt\",\"potentialAction\":[{\"@type\":\"ReadAction\",\"target\":[\"https:\/\/www.irisem.com\/pt\/politica-de-cookies\/\"]}]},{\"@type\":\"BreadcrumbList\",\"@id\":\"https:\/\/www.irisem.com\/pt\/politica-de-cookies\/#breadcrumb\",\"itemListElement\":[{\"@type\":\"ListItem\",\"position\":1,\"name\":\"Portada\",\"item\":\"https:\/\/www.irisem.com\/pt\/\"},{\"@type\":\"ListItem\",\"position\":2,\"name\":\"Pol\u00edtica de cookies\"}]},{\"@type\":\"WebSite\",\"@id\":\"https:\/\/www.irisem.com\/#website\",\"url\":\"https:\/\/www.irisem.com\/\",\"name\":\"Irisem\",\"description\":\"Irisem, especialistas en colorantes, aditivos y pigmentos\",\"potentialAction\":[{\"@type\":\"SearchAction\",\"target\":{\"@type\":\"EntryPoint\",\"urlTemplate\":\"https:\/\/www.irisem.com\/?s={search_term_string}\"},\"query-input\":{\"@type\":\"PropertyValueSpecification\",\"valueRequired\":true,\"valueName\":\"search_term_string\"}}],\"inLanguage\":\"pt\"}]}<\/script>\n<!-- \/ Yoast SEO plugin. -->","yoast_head_json":{"title":"Pol\u00edtica de Cookies de Irisem","description":"M\u00e1s informaci\u00f3n sobre la pol\u00edtica de cookies de Irisem, especialistas en soluciones qu\u00edmicas de coloraci\u00f3n","robots":{"index":"noindex","follow":"nofollow"},"og_locale":"pt_PT","og_type":"article","og_title":"Pol\u00edtica de Cookies de Irisem","og_description":"M\u00e1s informaci\u00f3n sobre la pol\u00edtica de cookies de Irisem, especialistas en soluciones qu\u00edmicas de coloraci\u00f3n","og_url":"https:\/\/www.irisem.com\/pt\/politica-de-cookies\/","og_site_name":"Irisem","article_modified_time":"2026-03-18T08:47:06+00:00","twitter_misc":{"Est. reading time":"3 minutes"},"schema":{"@context":"https:\/\/schema.org","@graph":[{"@type":"WebPage","@id":"https:\/\/www.irisem.com\/pt\/politica-de-cookies\/","url":"https:\/\/www.irisem.com\/pt\/politica-de-cookies\/","name":"Pol\u00edtica de Cookies de Irisem","isPartOf":{"@id":"https:\/\/www.irisem.com\/#website"},"datePublished":"2015-02-19T17:45:52+00:00","dateModified":"2026-03-18T08:47:06+00:00","description":"M\u00e1s informaci\u00f3n sobre la pol\u00edtica de cookies de Irisem, especialistas en soluciones qu\u00edmicas de coloraci\u00f3n","breadcrumb":{"@id":"https:\/\/www.irisem.com\/pt\/politica-de-cookies\/#breadcrumb"},"inLanguage":"pt","potentialAction":[{"@type":"ReadAction","target":["https:\/\/www.irisem.com\/pt\/politica-de-cookies\/"]}]},{"@type":"BreadcrumbList","@id":"https:\/\/www.irisem.com\/pt\/politica-de-cookies\/#breadcrumb","itemListElement":[{"@type":"ListItem","position":1,"name":"Portada","item":"https:\/\/www.irisem.com\/pt\/"},{"@type":"ListItem","position":2,"name":"Pol\u00edtica de cookies"}]},{"@type":"WebSite","@id":"https:\/\/www.irisem.com\/#website","url":"https:\/\/www.irisem.com\/","name":"Irisem","description":"Irisem, especialistas en colorantes, aditivos y pigmentos","potentialAction":[{"@type":"SearchAction","target":{"@type":"EntryPoint","urlTemplate":"https:\/\/www.irisem.com\/?s={search_term_string}"},"query-input":{"@type":"PropertyValueSpecification","valueRequired":true,"valueName":"search_term_string"}}],"inLanguage":"pt"}]}},"_links":{"self":[{"href":"https:\/\/www.irisem.com\/pt\/wp-json\/wp\/v2\/pages\/20194","targetHints":{"allow":["GET"]}}],"collection":[{"href":"https:\/\/www.irisem.com\/pt\/wp-json\/wp\/v2\/pages"}],"about":[{"href":"https:\/\/www.irisem.com\/pt\/wp-json\/wp\/v2\/types\/page"}],"author":[{"embeddable":true,"href":"https:\/\/www.irisem.com\/pt\/wp-json\/wp\/v2\/users\/1"}],"replies":[{"embeddable":true,"href":"https:\/\/www.irisem.com\/pt\/wp-json\/wp\/v2\/comments?post=20194"}],"version-history":[{"count":1,"href":"https:\/\/www.irisem.com\/pt\/wp-json\/wp\/v2\/pages\/20194\/revisions"}],"predecessor-version":[{"id":22026,"href":"https:\/\/www.irisem.com\/pt\/wp-json\/wp\/v2\/pages\/20194\/revisions\/22026"}],"wp:attachment":[{"href":"https:\/\/www.irisem.com\/pt\/wp-json\/wp\/v2\/media?parent=20194"}],"curies":[{"name":"wp","href":"https:\/\/api.w.org\/{rel}","templated":true}]}}