{"id":20151,"date":"2014-11-13T16:31:05","date_gmt":"2014-11-13T15:31:05","guid":{"rendered":"http:\/\/www.irisem.com\/pigmentos-plasticos\/"},"modified":"2018-03-21T09:17:46","modified_gmt":"2018-03-21T08:17:46","slug":"plasticos","status":"publish","type":"page","link":"https:\/\/www.irisem.com\/pt\/plasticos\/","title":{"rendered":"Pl\u00e1sticos"},"content":{"rendered":"<p><div class=\"fusion-fullwidth fullwidth-box fusion-builder-row-1 nonhundred-percent-fullwidth non-hundred-percent-height-scrolling\" style=\"--awb-border-radius-top-left:0px;--awb-border-radius-top-right:0px;--awb-border-radius-bottom-right:0px;--awb-border-radius-bottom-left:0px;--awb-flex-wrap:wrap;\" ><div class=\"fusion-builder-row fusion-row\"><div class=\"fusion-layout-column fusion_builder_column fusion-builder-column-0 fusion_builder_column_1_1 1_1 fusion-one-full fusion-column-first fusion-column-last\" style=\"--awb-bg-size:cover;\"><div class=\"fusion-column-wrapper fusion-flex-column-wrapper-legacy\"><div class=\"fusion-text fusion-text-1\"><h2>Solu\u00e7\u00f5es qu\u00edmicas para a ind\u00fastria do Pl\u00e1stico<\/h2>\n<p><img decoding=\"async\" class=\"alignleft wp-image-391\" src=\"http:\/\/www.irisem.com\/wp-content\/uploads\/2015\/02\/plasticos.jpg\" alt=\"Pigmentos para pl\u00e1sticos\" width=\"213\" height=\"180\" \/><\/p>\n<p>Na Irisem contamos com um servi\u00e7o integral de <strong>produtos qu\u00edmicos e pigmentos para a ind\u00fastria do pl\u00e1stico<\/strong>, sendo capazes de nos adaptarmos a todo o tipo de pedidos gra\u00e7as \u00e0 nossa ampla variedade de solu\u00e7\u00f5es dispon\u00edveis.<\/p>\n<p><strong>A nossa ampla gama de produtos satisfaz as necessidades de qualquer empresa transformadora, independentemente do tipo de pl\u00e1stico e processo empregado.<\/strong><\/p>\n<div>\n<p><img decoding=\"async\" class=\"wp-image-669 alignright\" src=\"http:\/\/www.irisem.com\/wp-content\/uploads\/2015\/11\/juanmiguel-raga.png\" alt=\"Juan Miguel Raga\" width=\"108\" height=\"84\" \/><\/p>\n<h5 style=\"text-align: right;\">Juan Miguel Raga<\/h5>\n<h6 style=\"text-align: right;\">T\u00e9cnico-comercial<\/h6>\n<h6 style=\"text-align: right;\">Especialista en pl\u00e1sticos<\/h6>\n<\/div>\n<\/div><div class=\"fusion-clearfix\"><\/div><\/div><\/div><\/div><\/div><div class=\"fusion-fullwidth fullwidth-box fusion-builder-row-2 nonhundred-percent-fullwidth non-hundred-percent-height-scrolling\" style=\"--awb-border-radius-top-left:0px;--awb-border-radius-top-right:0px;--awb-border-radius-bottom-right:0px;--awb-border-radius-bottom-left:0px;--awb-margin-top:80px;--awb-flex-wrap:wrap;\" ><div class=\"fusion-builder-row fusion-row\"><div class=\"fusion-layout-column fusion_builder_column fusion-builder-column-1 fusion_builder_column_1_2 1_2 fusion-one-half fusion-column-first\" style=\"--awb-bg-size:cover;width:48%; margin-right: 4%;\"><div class=\"fusion-column-wrapper fusion-flex-column-wrapper-legacy\"><div class=\"fusion-text fusion-text-2\"><h3>Setores com os quais trabalhamos<\/h3>\n<p>As nossas solu\u00e7\u00f5es adaptam-se a todo o tipo de projetos qu\u00edmicos, sendo capazes de trabalhar numa grande variedade de setores. Alguns exemplos dos setores com os quais trabalhamos mais assiduamente s\u00e3o:<\/p>\n<p>&#8211; Automotivo<br \/>\n&#8211; Vasilhame e embalagem (alimentar\/cosm\u00e9tica)<br \/>\n&#8211; Brinquedos<br \/>\n&#8211; Cal\u00e7ado<br \/>\n&#8211; Inform\u00e1tica<br \/>\n&#8211; Mobili\u00e1rio<br \/>\n&#8211; Agricultura e jardinagem<br \/>\n&#8211; M\u00e9nage e lar<br \/>\n&#8211; Constru\u00e7\u00e3o<\/p>\n<\/div><div class=\"fusion-clearfix\"><\/div><\/div><\/div><div class=\"fusion-layout-column fusion_builder_column fusion-builder-column-2 fusion_builder_column_1_2 1_2 fusion-one-half fusion-column-last\" style=\"--awb-bg-size:cover;width:48%;\"><div class=\"fusion-column-wrapper fusion-flex-column-wrapper-legacy\"><div class=\"fusion-text fusion-text-3\"><h3>Pigmentos para pl\u00e1sticos e aditivos \u00e0 sua medida<\/h3>\n<p>Desenvolvemos concentrados de cor e de aditivos em qualquer base polim\u00e9rica, segundo as necessidades e exig\u00eancias do cliente. Trabalhamos, entre outras, as bases PE, PP, PET, PVC, EVA, PA, POM ou PC.<\/p>\n<p>Estamos preparados para atender os requisitos espec\u00edficos de colora\u00e7\u00e3o e aditivado de qualquer empresa seja qual for o seu processo de transforma\u00e7\u00e3o, entre os que destacamos:<\/p>\n<p>&#8211; Inje\u00e7\u00e3o<br \/>\n&#8211; Inje\u00e7\u00e3o-sopro e extrus\u00e3o-sopro<br \/>\n&#8211; Extrus\u00e3o e coextrus\u00e3o<br \/>\n&#8211; Rotomoldagem<br \/>\n&#8211; Moldado<\/p>\n<\/div><div class=\"fusion-clearfix\"><\/div><\/div><\/div><\/div><\/div><\/p>\n","protected":false},"excerpt":{"rendered":"","protected":false},"author":1,"featured_media":0,"parent":0,"menu_order":0,"comment_status":"open","ping_status":"open","template":"","meta":{"footnotes":""},"class_list":["post-20151","page","type-page","status-publish","hentry"],"yoast_head":"<!-- This site is optimized with the Yoast SEO plugin v27.1.1 - https:\/\/yoast.com\/product\/yoast-seo-wordpress\/ -->\n<title>Pigmentos para pl\u00e1sticos - Colorantes para Pl\u00e1sticos<\/title>\n<meta name=\"description\" content=\"Especialistas en pigmentos para pl\u00e1sticos, colorantes y aditivos con m\u00e1s de 25 a\u00f1os de experiencia en el sector de las soluciones qu\u00edmicas\" \/>\n<meta name=\"robots\" content=\"index, follow, max-snippet:-1, max-image-preview:large, max-video-preview:-1\" \/>\n<link rel=\"canonical\" href=\"https:\/\/www.irisem.com\/pt\/plasticos\/\" \/>\n<meta property=\"og:locale\" content=\"pt_PT\" \/>\n<meta property=\"og:type\" content=\"article\" \/>\n<meta property=\"og:title\" content=\"Pigmentos para pl\u00e1sticos - Colorantes para Pl\u00e1sticos\" \/>\n<meta property=\"og:description\" content=\"Especialistas en pigmentos para pl\u00e1sticos, colorantes y aditivos con m\u00e1s de 25 a\u00f1os de experiencia en el sector de las soluciones qu\u00edmicas\" \/>\n<meta property=\"og:url\" content=\"https:\/\/www.irisem.com\/pt\/plasticos\/\" \/>\n<meta property=\"og:site_name\" content=\"Irisem\" \/>\n<meta property=\"article:modified_time\" content=\"2018-03-21T08:17:46+00:00\" \/>\n<meta property=\"og:image\" content=\"http:\/\/www.irisem.com\/wp-content\/uploads\/2015\/02\/plasticos.jpg\" \/>\n<meta name=\"twitter:label1\" content=\"Est. reading time\" \/>\n\t<meta name=\"twitter:data1\" content=\"3 minutes\" \/>\n<script type=\"application\/ld+json\" class=\"yoast-schema-graph\">{\"@context\":\"https:\/\/schema.org\",\"@graph\":[{\"@type\":\"WebPage\",\"@id\":\"https:\/\/www.irisem.com\/pt\/plasticos\/\",\"url\":\"https:\/\/www.irisem.com\/pt\/plasticos\/\",\"name\":\"Pigmentos para pl\u00e1sticos - Colorantes para Pl\u00e1sticos\",\"isPartOf\":{\"@id\":\"https:\/\/www.irisem.com\/#website\"},\"primaryImageOfPage\":{\"@id\":\"https:\/\/www.irisem.com\/pt\/plasticos\/#primaryimage\"},\"image\":{\"@id\":\"https:\/\/www.irisem.com\/pt\/plasticos\/#primaryimage\"},\"thumbnailUrl\":\"http:\/\/www.irisem.com\/wp-content\/uploads\/2015\/02\/plasticos.jpg\",\"datePublished\":\"2014-11-13T15:31:05+00:00\",\"dateModified\":\"2018-03-21T08:17:46+00:00\",\"description\":\"Especialistas en pigmentos para pl\u00e1sticos, colorantes y aditivos con m\u00e1s de 25 a\u00f1os de experiencia en el sector de las soluciones qu\u00edmicas\",\"breadcrumb\":{\"@id\":\"https:\/\/www.irisem.com\/pt\/plasticos\/#breadcrumb\"},\"inLanguage\":\"pt\",\"potentialAction\":[{\"@type\":\"ReadAction\",\"target\":[\"https:\/\/www.irisem.com\/pt\/plasticos\/\"]}]},{\"@type\":\"ImageObject\",\"inLanguage\":\"pt\",\"@id\":\"https:\/\/www.irisem.com\/pt\/plasticos\/#primaryimage\",\"url\":\"http:\/\/www.irisem.com\/wp-content\/uploads\/2015\/02\/plasticos.jpg\",\"contentUrl\":\"http:\/\/www.irisem.com\/wp-content\/uploads\/2015\/02\/plasticos.jpg\"},{\"@type\":\"BreadcrumbList\",\"@id\":\"https:\/\/www.irisem.com\/pt\/plasticos\/#breadcrumb\",\"itemListElement\":[{\"@type\":\"ListItem\",\"position\":1,\"name\":\"Portada\",\"item\":\"https:\/\/www.irisem.com\/pt\/\"},{\"@type\":\"ListItem\",\"position\":2,\"name\":\"Pl\u00e1sticos\"}]},{\"@type\":\"WebSite\",\"@id\":\"https:\/\/www.irisem.com\/#website\",\"url\":\"https:\/\/www.irisem.com\/\",\"name\":\"Irisem\",\"description\":\"Irisem, especialistas en colorantes, aditivos y pigmentos\",\"potentialAction\":[{\"@type\":\"SearchAction\",\"target\":{\"@type\":\"EntryPoint\",\"urlTemplate\":\"https:\/\/www.irisem.com\/?s={search_term_string}\"},\"query-input\":{\"@type\":\"PropertyValueSpecification\",\"valueRequired\":true,\"valueName\":\"search_term_string\"}}],\"inLanguage\":\"pt\"}]}<\/script>\n<!-- \/ Yoast SEO plugin. -->","yoast_head_json":{"title":"Pigmentos para pl\u00e1sticos - Colorantes para Pl\u00e1sticos","description":"Especialistas en pigmentos para pl\u00e1sticos, colorantes y aditivos con m\u00e1s de 25 a\u00f1os de experiencia en el sector de las soluciones qu\u00edmicas","robots":{"index":"index","follow":"follow","max-snippet":"max-snippet:-1","max-image-preview":"max-image-preview:large","max-video-preview":"max-video-preview:-1"},"canonical":"https:\/\/www.irisem.com\/pt\/plasticos\/","og_locale":"pt_PT","og_type":"article","og_title":"Pigmentos para pl\u00e1sticos - Colorantes para Pl\u00e1sticos","og_description":"Especialistas en pigmentos para pl\u00e1sticos, colorantes y aditivos con m\u00e1s de 25 a\u00f1os de experiencia en el sector de las soluciones qu\u00edmicas","og_url":"https:\/\/www.irisem.com\/pt\/plasticos\/","og_site_name":"Irisem","article_modified_time":"2018-03-21T08:17:46+00:00","og_image":[{"url":"http:\/\/www.irisem.com\/wp-content\/uploads\/2015\/02\/plasticos.jpg","type":"","width":"","height":""}],"twitter_misc":{"Est. reading time":"3 minutes"},"schema":{"@context":"https:\/\/schema.org","@graph":[{"@type":"WebPage","@id":"https:\/\/www.irisem.com\/pt\/plasticos\/","url":"https:\/\/www.irisem.com\/pt\/plasticos\/","name":"Pigmentos para pl\u00e1sticos - Colorantes para Pl\u00e1sticos","isPartOf":{"@id":"https:\/\/www.irisem.com\/#website"},"primaryImageOfPage":{"@id":"https:\/\/www.irisem.com\/pt\/plasticos\/#primaryimage"},"image":{"@id":"https:\/\/www.irisem.com\/pt\/plasticos\/#primaryimage"},"thumbnailUrl":"http:\/\/www.irisem.com\/wp-content\/uploads\/2015\/02\/plasticos.jpg","datePublished":"2014-11-13T15:31:05+00:00","dateModified":"2018-03-21T08:17:46+00:00","description":"Especialistas en pigmentos para pl\u00e1sticos, colorantes y aditivos con m\u00e1s de 25 a\u00f1os de experiencia en el sector de las soluciones qu\u00edmicas","breadcrumb":{"@id":"https:\/\/www.irisem.com\/pt\/plasticos\/#breadcrumb"},"inLanguage":"pt","potentialAction":[{"@type":"ReadAction","target":["https:\/\/www.irisem.com\/pt\/plasticos\/"]}]},{"@type":"ImageObject","inLanguage":"pt","@id":"https:\/\/www.irisem.com\/pt\/plasticos\/#primaryimage","url":"http:\/\/www.irisem.com\/wp-content\/uploads\/2015\/02\/plasticos.jpg","contentUrl":"http:\/\/www.irisem.com\/wp-content\/uploads\/2015\/02\/plasticos.jpg"},{"@type":"BreadcrumbList","@id":"https:\/\/www.irisem.com\/pt\/plasticos\/#breadcrumb","itemListElement":[{"@type":"ListItem","position":1,"name":"Portada","item":"https:\/\/www.irisem.com\/pt\/"},{"@type":"ListItem","position":2,"name":"Pl\u00e1sticos"}]},{"@type":"WebSite","@id":"https:\/\/www.irisem.com\/#website","url":"https:\/\/www.irisem.com\/","name":"Irisem","description":"Irisem, especialistas en colorantes, aditivos y pigmentos","potentialAction":[{"@type":"SearchAction","target":{"@type":"EntryPoint","urlTemplate":"https:\/\/www.irisem.com\/?s={search_term_string}"},"query-input":{"@type":"PropertyValueSpecification","valueRequired":true,"valueName":"search_term_string"}}],"inLanguage":"pt"}]}},"_links":{"self":[{"href":"https:\/\/www.irisem.com\/pt\/wp-json\/wp\/v2\/pages\/20151","targetHints":{"allow":["GET"]}}],"collection":[{"href":"https:\/\/www.irisem.com\/pt\/wp-json\/wp\/v2\/pages"}],"about":[{"href":"https:\/\/www.irisem.com\/pt\/wp-json\/wp\/v2\/types\/page"}],"author":[{"embeddable":true,"href":"https:\/\/www.irisem.com\/pt\/wp-json\/wp\/v2\/users\/1"}],"replies":[{"embeddable":true,"href":"https:\/\/www.irisem.com\/pt\/wp-json\/wp\/v2\/comments?post=20151"}],"version-history":[{"count":0,"href":"https:\/\/www.irisem.com\/pt\/wp-json\/wp\/v2\/pages\/20151\/revisions"}],"wp:attachment":[{"href":"https:\/\/www.irisem.com\/pt\/wp-json\/wp\/v2\/media?parent=20151"}],"curies":[{"name":"wp","href":"https:\/\/api.w.org\/{rel}","templated":true}]}}