{"id":20149,"date":"2014-11-13T16:32:37","date_gmt":"2014-11-13T15:32:37","guid":{"rendered":"http:\/\/www.irisem.com\/distribuciones\/"},"modified":"2018-03-20T15:29:59","modified_gmt":"2018-03-20T14:29:59","slug":"distribuicoes","status":"publish","type":"page","link":"https:\/\/www.irisem.com\/pt\/distribuicoes\/","title":{"rendered":"Distribui\u00e7\u00f5es"},"content":{"rendered":"<div class=\"fusion-fullwidth fullwidth-box fusion-builder-row-1 nonhundred-percent-fullwidth non-hundred-percent-height-scrolling\" style=\"--awb-border-radius-top-left:0px;--awb-border-radius-top-right:0px;--awb-border-radius-bottom-right:0px;--awb-border-radius-bottom-left:0px;--awb-flex-wrap:wrap;\" ><div class=\"fusion-builder-row fusion-row\"><div class=\"fusion-layout-column fusion_builder_column fusion-builder-column-0 fusion_builder_column_1_1 1_1 fusion-one-full fusion-column-first fusion-column-last\" style=\"--awb-bg-size:cover;\"><div class=\"fusion-column-wrapper fusion-flex-column-wrapper-legacy\"><div class=\"fusion-text fusion-text-1\"><h2>Os melhores partners qu\u00edmicos ao seu alcance<\/h2>\n<p>Na Irisem temos um compromisso essencial com a qualidade e, por isso, s\u00f3 contamos com os partners mais destacados do mercado que nos garantem os produtos mais avan\u00e7ados do setor para cada uma das solu\u00e7\u00f5es que queremos desenvolver.<\/p>\n<p>Atrav\u00e9s do atendimento personalizado dos nossos t\u00e9cnicos especialistas sabemos detetar as necessidades de cada empresa e recorremos aos produtos e mat\u00e9rias-primas que melhor se adaptem.<\/p>\n<p>Seguidamente, anexamos uma rela\u00e7\u00e3o dos nossos partners mais destacados:<\/p>\n<div class=\"columnas\"><\/div>\n<\/div><div class=\"fusion-clearfix\"><\/div><\/div><\/div><div class=\"fusion-layout-column fusion_builder_column fusion-builder-column-1 fusion_builder_column_1_1 1_1 fusion-one-full fusion-column-first fusion-column-last\" style=\"--awb-bg-size:cover;\"><div class=\"fusion-column-wrapper fusion-flex-column-wrapper-legacy\"><div class=\"fusion-image-carousel fusion-image-carousel-fixed fusion-image-carousel-1 fusion-carousel-border\"><div class=\"awb-carousel awb-swiper awb-swiper-carousel awb-carousel--carousel awb-swiper-dots-position-bottom\" data-layout=\"carousel\" data-autoplay=\"yes\" data-autoplayspeed=\"2500\" data-autoplaypause=\"no\" data-columns=\"4\" data-columnsmedium=\"1\" data-columnssmall=\"1\" data-itemmargin=\"41\" data-itemwidth=\"180\" data-touchscroll=\"no\" data-freemode=\"no\" data-imagesize=\"fixed\" data-scrollitems=\"1\" data-centeredslides=\"no\" data-rotationangle=\"50\" data-depth=\"100\" data-speed=\"500\" data-shadow=\"no\" data-pagination=\"bullets\" style=\"--awb-columns:4;--awb-column-spacing:41px;--awb-border-width:1px;--awb-border-color:#e9eaee;\"><div class=\"swiper-wrapper awb-image-carousel-wrapper fusion-flex-align-items-center\"><div class=\"swiper-slide\"><div class=\"fusion-carousel-item-wrapper\"><div class=\"fusion-image-wrapper hover-type-none\"><img decoding=\"async\" width=\"191\" height=\"156\" src=\"https:\/\/www.irisem.com\/wp-content\/uploads\/2014\/11\/clariant-e1544631453495.jpg\" class=\"attachment-blog-medium size-blog-medium\" alt=\"\" \/><\/div><\/div><\/div><div class=\"swiper-slide\"><div class=\"fusion-carousel-item-wrapper\"><div class=\"fusion-image-wrapper hover-type-none\"><img decoding=\"async\" width=\"191\" height=\"156\" src=\"https:\/\/www.irisem.com\/wp-content\/uploads\/2014\/11\/ntc.jpg\" class=\"attachment-blog-medium size-blog-medium\" alt=\"\" \/><\/div><\/div><\/div><div class=\"swiper-slide\"><div class=\"fusion-carousel-item-wrapper\"><div class=\"fusion-image-wrapper hover-type-none\"><img decoding=\"async\" width=\"202\" height=\"202\" src=\"https:\/\/www.irisem.com\/wp-content\/uploads\/2014\/11\/sanitized.jpg\" class=\"attachment-blog-medium size-blog-medium\" alt=\"\" \/><\/div><\/div><\/div><div class=\"swiper-slide\"><div class=\"fusion-carousel-item-wrapper\"><div class=\"fusion-image-wrapper hover-type-none\"><img decoding=\"async\" width=\"191\" height=\"156\" src=\"https:\/\/www.irisem.com\/wp-content\/uploads\/2014\/11\/chimica-tessile.jpg\" class=\"attachment-blog-medium size-blog-medium\" alt=\"\" \/><\/div><\/div><\/div><div class=\"swiper-slide\"><div class=\"fusion-carousel-item-wrapper\"><div class=\"fusion-image-wrapper hover-type-none\"><img decoding=\"async\" width=\"191\" height=\"156\" src=\"https:\/\/www.irisem.com\/wp-content\/uploads\/2015\/03\/greenchemicals.jpg\" class=\"attachment-blog-medium size-blog-medium\" alt=\"\" \/><\/div><\/div><\/div><div class=\"swiper-slide\"><div class=\"fusion-carousel-item-wrapper\"><div class=\"fusion-image-wrapper hover-type-none\"><img decoding=\"async\" width=\"191\" height=\"156\" src=\"https:\/\/www.irisem.com\/wp-content\/uploads\/2014\/11\/wandaa.jpg\" class=\"attachment-blog-medium size-blog-medium\" alt=\"\" \/><\/div><\/div><\/div><div class=\"swiper-slide\"><div class=\"fusion-carousel-item-wrapper\"><div class=\"fusion-image-wrapper hover-type-none\"><img decoding=\"async\" width=\"191\" height=\"156\" src=\"https:\/\/www.irisem.com\/wp-content\/uploads\/2014\/11\/levaco.jpg\" class=\"attachment-blog-medium size-blog-medium\" alt=\"\" \/><\/div><\/div><\/div><\/div><div class=\"awb-swiper-button awb-swiper-button-prev\"><i class=\"awb-icon-angle-left\" aria-hidden=\"true\"><\/i><\/div><div class=\"awb-swiper-button awb-swiper-button-next\"><i class=\"awb-icon-angle-right\" aria-hidden=\"true\"><\/i><\/div><\/div><\/div><div class=\"fusion-clearfix\"><\/div><\/div><\/div><\/div><\/div>\n","protected":false},"excerpt":{"rendered":"","protected":false},"author":1,"featured_media":0,"parent":0,"menu_order":0,"comment_status":"open","ping_status":"closed","template":"","meta":{"footnotes":""},"class_list":["post-20149","page","type-page","status-publish","hentry"],"yoast_head":"<!-- This site is optimized with the Yoast SEO plugin v27.1.1 - https:\/\/yoast.com\/product\/yoast-seo-wordpress\/ -->\n<title>Distribuciones de soluciones qu\u00edmicas de Irisem<\/title>\n<meta name=\"description\" content=\"Clariant, NTC, Sanitized y las distribuciones qu\u00edmicas m\u00e1s destacadas para las mejores soluciones en la coloraci\u00f3n de sus productos\" \/>\n<meta name=\"robots\" content=\"index, follow, max-snippet:-1, max-image-preview:large, max-video-preview:-1\" \/>\n<link rel=\"canonical\" href=\"https:\/\/www.irisem.com\/pt\/distribuicoes\/\" \/>\n<meta property=\"og:locale\" content=\"pt_PT\" \/>\n<meta property=\"og:type\" content=\"article\" \/>\n<meta property=\"og:title\" content=\"Distribuciones de soluciones qu\u00edmicas de Irisem\" \/>\n<meta property=\"og:description\" content=\"Clariant, NTC, Sanitized y las distribuciones qu\u00edmicas m\u00e1s destacadas para las mejores soluciones en la coloraci\u00f3n de sus productos\" \/>\n<meta property=\"og:url\" content=\"https:\/\/www.irisem.com\/pt\/distribuicoes\/\" \/>\n<meta property=\"og:site_name\" content=\"Irisem\" \/>\n<meta property=\"article:modified_time\" content=\"2018-03-20T14:29:59+00:00\" \/>\n<meta name=\"twitter:label1\" content=\"Est. reading time\" \/>\n\t<meta name=\"twitter:data1\" content=\"2 minutes\" \/>\n<script type=\"application\/ld+json\" class=\"yoast-schema-graph\">{\"@context\":\"https:\/\/schema.org\",\"@graph\":[{\"@type\":\"WebPage\",\"@id\":\"https:\/\/www.irisem.com\/pt\/distribuicoes\/\",\"url\":\"https:\/\/www.irisem.com\/pt\/distribuicoes\/\",\"name\":\"Distribuciones de soluciones qu\u00edmicas de Irisem\",\"isPartOf\":{\"@id\":\"https:\/\/www.irisem.com\/#website\"},\"datePublished\":\"2014-11-13T15:32:37+00:00\",\"dateModified\":\"2018-03-20T14:29:59+00:00\",\"description\":\"Clariant, NTC, Sanitized y las distribuciones qu\u00edmicas m\u00e1s destacadas para las mejores soluciones en la coloraci\u00f3n de sus productos\",\"breadcrumb\":{\"@id\":\"https:\/\/www.irisem.com\/pt\/distribuicoes\/#breadcrumb\"},\"inLanguage\":\"pt\",\"potentialAction\":[{\"@type\":\"ReadAction\",\"target\":[\"https:\/\/www.irisem.com\/pt\/distribuicoes\/\"]}]},{\"@type\":\"BreadcrumbList\",\"@id\":\"https:\/\/www.irisem.com\/pt\/distribuicoes\/#breadcrumb\",\"itemListElement\":[{\"@type\":\"ListItem\",\"position\":1,\"name\":\"Portada\",\"item\":\"https:\/\/www.irisem.com\/pt\/\"},{\"@type\":\"ListItem\",\"position\":2,\"name\":\"Distribui\u00e7\u00f5es\"}]},{\"@type\":\"WebSite\",\"@id\":\"https:\/\/www.irisem.com\/#website\",\"url\":\"https:\/\/www.irisem.com\/\",\"name\":\"Irisem\",\"description\":\"Irisem, especialistas en colorantes, aditivos y pigmentos\",\"potentialAction\":[{\"@type\":\"SearchAction\",\"target\":{\"@type\":\"EntryPoint\",\"urlTemplate\":\"https:\/\/www.irisem.com\/?s={search_term_string}\"},\"query-input\":{\"@type\":\"PropertyValueSpecification\",\"valueRequired\":true,\"valueName\":\"search_term_string\"}}],\"inLanguage\":\"pt\"}]}<\/script>\n<!-- \/ Yoast SEO plugin. -->","yoast_head_json":{"title":"Distribuciones de soluciones qu\u00edmicas de Irisem","description":"Clariant, NTC, Sanitized y las distribuciones qu\u00edmicas m\u00e1s destacadas para las mejores soluciones en la coloraci\u00f3n de sus productos","robots":{"index":"index","follow":"follow","max-snippet":"max-snippet:-1","max-image-preview":"max-image-preview:large","max-video-preview":"max-video-preview:-1"},"canonical":"https:\/\/www.irisem.com\/pt\/distribuicoes\/","og_locale":"pt_PT","og_type":"article","og_title":"Distribuciones de soluciones qu\u00edmicas de Irisem","og_description":"Clariant, NTC, Sanitized y las distribuciones qu\u00edmicas m\u00e1s destacadas para las mejores soluciones en la coloraci\u00f3n de sus productos","og_url":"https:\/\/www.irisem.com\/pt\/distribuicoes\/","og_site_name":"Irisem","article_modified_time":"2018-03-20T14:29:59+00:00","twitter_misc":{"Est. reading time":"2 minutes"},"schema":{"@context":"https:\/\/schema.org","@graph":[{"@type":"WebPage","@id":"https:\/\/www.irisem.com\/pt\/distribuicoes\/","url":"https:\/\/www.irisem.com\/pt\/distribuicoes\/","name":"Distribuciones de soluciones qu\u00edmicas de Irisem","isPartOf":{"@id":"https:\/\/www.irisem.com\/#website"},"datePublished":"2014-11-13T15:32:37+00:00","dateModified":"2018-03-20T14:29:59+00:00","description":"Clariant, NTC, Sanitized y las distribuciones qu\u00edmicas m\u00e1s destacadas para las mejores soluciones en la coloraci\u00f3n de sus productos","breadcrumb":{"@id":"https:\/\/www.irisem.com\/pt\/distribuicoes\/#breadcrumb"},"inLanguage":"pt","potentialAction":[{"@type":"ReadAction","target":["https:\/\/www.irisem.com\/pt\/distribuicoes\/"]}]},{"@type":"BreadcrumbList","@id":"https:\/\/www.irisem.com\/pt\/distribuicoes\/#breadcrumb","itemListElement":[{"@type":"ListItem","position":1,"name":"Portada","item":"https:\/\/www.irisem.com\/pt\/"},{"@type":"ListItem","position":2,"name":"Distribui\u00e7\u00f5es"}]},{"@type":"WebSite","@id":"https:\/\/www.irisem.com\/#website","url":"https:\/\/www.irisem.com\/","name":"Irisem","description":"Irisem, especialistas en colorantes, aditivos y pigmentos","potentialAction":[{"@type":"SearchAction","target":{"@type":"EntryPoint","urlTemplate":"https:\/\/www.irisem.com\/?s={search_term_string}"},"query-input":{"@type":"PropertyValueSpecification","valueRequired":true,"valueName":"search_term_string"}}],"inLanguage":"pt"}]}},"_links":{"self":[{"href":"https:\/\/www.irisem.com\/pt\/wp-json\/wp\/v2\/pages\/20149","targetHints":{"allow":["GET"]}}],"collection":[{"href":"https:\/\/www.irisem.com\/pt\/wp-json\/wp\/v2\/pages"}],"about":[{"href":"https:\/\/www.irisem.com\/pt\/wp-json\/wp\/v2\/types\/page"}],"author":[{"embeddable":true,"href":"https:\/\/www.irisem.com\/pt\/wp-json\/wp\/v2\/users\/1"}],"replies":[{"embeddable":true,"href":"https:\/\/www.irisem.com\/pt\/wp-json\/wp\/v2\/comments?post=20149"}],"version-history":[{"count":0,"href":"https:\/\/www.irisem.com\/pt\/wp-json\/wp\/v2\/pages\/20149\/revisions"}],"wp:attachment":[{"href":"https:\/\/www.irisem.com\/pt\/wp-json\/wp\/v2\/media?parent=20149"}],"curies":[{"name":"wp","href":"https:\/\/api.w.org\/{rel}","templated":true}]}}