{"id":20142,"date":"2014-11-13T16:29:29","date_gmt":"2014-11-13T15:29:29","guid":{"rendered":"http:\/\/www.irisem.com\/valores\/"},"modified":"2018-03-20T15:26:31","modified_gmt":"2018-03-20T14:26:31","slug":"os-nossos-valores","status":"publish","type":"page","link":"https:\/\/www.irisem.com\/pt\/os-nossos-valores\/","title":{"rendered":"Os Nossos Valores"},"content":{"rendered":"<div class=\"fusion-fullwidth fullwidth-box fusion-builder-row-1 nonhundred-percent-fullwidth non-hundred-percent-height-scrolling\" style=\"--awb-border-radius-top-left:0px;--awb-border-radius-top-right:0px;--awb-border-radius-bottom-right:0px;--awb-border-radius-bottom-left:0px;--awb-flex-wrap:wrap;\" ><div class=\"fusion-builder-row fusion-row\"><div class=\"fusion-layout-column fusion_builder_column fusion-builder-column-0 fusion_builder_column_1_1 1_1 fusion-one-full fusion-column-first fusion-column-last\" style=\"--awb-bg-size:cover;\"><div class=\"fusion-column-wrapper fusion-flex-column-wrapper-legacy\"><div class=\"fusion-text fusion-text-1\"><h2>\u00a0<img decoding=\"async\" class=\"size-full wp-image-19160 alignleft\" src=\"http:\/\/www.irisem.com\/wp-content\/uploads\/2014\/11\/valores-1.jpg\" alt=\"\" width=\"630\" height=\"243\" srcset=\"https:\/\/www.irisem.com\/wp-content\/uploads\/2014\/11\/valores-1-120x46.jpg 120w, https:\/\/www.irisem.com\/wp-content\/uploads\/2014\/11\/valores-1-150x58.jpg 150w, https:\/\/www.irisem.com\/wp-content\/uploads\/2014\/11\/valores-1-200x77.jpg 200w, https:\/\/www.irisem.com\/wp-content\/uploads\/2014\/11\/valores-1-300x116.jpg 300w, https:\/\/www.irisem.com\/wp-content\/uploads\/2014\/11\/valores-1-400x154.jpg 400w, https:\/\/www.irisem.com\/wp-content\/uploads\/2014\/11\/valores-1-500x193.jpg 500w, https:\/\/www.irisem.com\/wp-content\/uploads\/2014\/11\/valores-1-600x231.jpg 600w, https:\/\/www.irisem.com\/wp-content\/uploads\/2014\/11\/valores-1.jpg 630w\" sizes=\"(max-width: 630px) 100vw, 630px\" \/>Os Nossos Valores<\/h2>\n<p>Queremos chegar a ser a empresa que melhor compreenda as necessidades qu\u00edmicas dos nossos clientes, dando-lhes uma resposta \u00f3tima gra\u00e7as \u00e0 nossa equipa humana altamente especializada e comprometida.<\/p>\n<p>A preocupa\u00e7\u00e3o com o \u00eaxito dos nossos clientes \u00e9 fundamental para realizar um trabalho baseado na excel\u00eancia, j\u00e1 que isso nos permite melhorar dia-a-dia sendo capazes de atender qualquer pedido.<\/p>\n<h4>\u201cA nossa miss\u00e3o consiste em assessorar e solucionar as necessidades t\u00e9cnicas dos nossos clientes\u201d<\/h4>\n<p>Por isso, o atendimento personalizado e as solu\u00e7\u00f5es \u00e0 medida constituem a base do nosso neg\u00f3cio, apoiando-nos na nossa escuta e conhecimentos t\u00e9cnicos para ser n\u00e3o s\u00f3 um vendedor, mas tamb\u00e9m um assessor perfeito para o neg\u00f3cio em que trabalhamos.<\/p>\n<p>A qu\u00edmica e o mundo em que nos movemos muda de forma constante, mas o valor das pessoas n\u00e3o muda.<\/p>\n<\/div><div class=\"fusion-clearfix\"><\/div><\/div><\/div><\/div><\/div>\n","protected":false},"excerpt":{"rendered":"","protected":false},"author":1,"featured_media":0,"parent":0,"menu_order":0,"comment_status":"open","ping_status":"closed","template":"","meta":{"footnotes":""},"class_list":["post-20142","page","type-page","status-publish","hentry"],"yoast_head":"<!-- This site is optimized with the Yoast SEO plugin v27.1.1 - https:\/\/yoast.com\/product\/yoast-seo-wordpress\/ -->\n<title>Valores de Irisem - Especialistas en colorantes qu\u00edmicos<\/title>\n<meta name=\"description\" content=\"Somos especialistas en comprender las necesidades de nuestros clientes y convertirlas en f\u00f3rmulas qu\u00edmicas para la coloraci\u00f3n de sus productos\" \/>\n<meta name=\"robots\" content=\"index, follow, max-snippet:-1, max-image-preview:large, max-video-preview:-1\" \/>\n<link rel=\"canonical\" href=\"https:\/\/www.irisem.com\/pt\/os-nossos-valores\/\" \/>\n<meta property=\"og:locale\" content=\"pt_PT\" \/>\n<meta property=\"og:type\" content=\"article\" \/>\n<meta property=\"og:title\" content=\"Valores de Irisem - Especialistas en colorantes qu\u00edmicos\" \/>\n<meta property=\"og:description\" content=\"Somos especialistas en comprender las necesidades de nuestros clientes y convertirlas en f\u00f3rmulas qu\u00edmicas para la coloraci\u00f3n de sus productos\" \/>\n<meta property=\"og:url\" content=\"https:\/\/www.irisem.com\/pt\/os-nossos-valores\/\" \/>\n<meta property=\"og:site_name\" content=\"Irisem\" \/>\n<meta property=\"article:modified_time\" content=\"2018-03-20T14:26:31+00:00\" \/>\n<meta property=\"og:image\" content=\"http:\/\/www.irisem.com\/wp-content\/uploads\/2014\/11\/valores-1.jpg\" \/>\n<meta name=\"twitter:label1\" content=\"Est. reading time\" \/>\n\t<meta name=\"twitter:data1\" content=\"2 minutes\" \/>\n<script type=\"application\/ld+json\" class=\"yoast-schema-graph\">{\"@context\":\"https:\/\/schema.org\",\"@graph\":[{\"@type\":\"WebPage\",\"@id\":\"https:\/\/www.irisem.com\/pt\/os-nossos-valores\/\",\"url\":\"https:\/\/www.irisem.com\/pt\/os-nossos-valores\/\",\"name\":\"Valores de Irisem - Especialistas en colorantes qu\u00edmicos\",\"isPartOf\":{\"@id\":\"https:\/\/www.irisem.com\/#website\"},\"primaryImageOfPage\":{\"@id\":\"https:\/\/www.irisem.com\/pt\/os-nossos-valores\/#primaryimage\"},\"image\":{\"@id\":\"https:\/\/www.irisem.com\/pt\/os-nossos-valores\/#primaryimage\"},\"thumbnailUrl\":\"http:\/\/www.irisem.com\/wp-content\/uploads\/2014\/11\/valores-1.jpg\",\"datePublished\":\"2014-11-13T15:29:29+00:00\",\"dateModified\":\"2018-03-20T14:26:31+00:00\",\"description\":\"Somos especialistas en comprender las necesidades de nuestros clientes y convertirlas en f\u00f3rmulas qu\u00edmicas para la coloraci\u00f3n de sus productos\",\"breadcrumb\":{\"@id\":\"https:\/\/www.irisem.com\/pt\/os-nossos-valores\/#breadcrumb\"},\"inLanguage\":\"pt\",\"potentialAction\":[{\"@type\":\"ReadAction\",\"target\":[\"https:\/\/www.irisem.com\/pt\/os-nossos-valores\/\"]}]},{\"@type\":\"ImageObject\",\"inLanguage\":\"pt\",\"@id\":\"https:\/\/www.irisem.com\/pt\/os-nossos-valores\/#primaryimage\",\"url\":\"http:\/\/www.irisem.com\/wp-content\/uploads\/2014\/11\/valores-1.jpg\",\"contentUrl\":\"http:\/\/www.irisem.com\/wp-content\/uploads\/2014\/11\/valores-1.jpg\"},{\"@type\":\"BreadcrumbList\",\"@id\":\"https:\/\/www.irisem.com\/pt\/os-nossos-valores\/#breadcrumb\",\"itemListElement\":[{\"@type\":\"ListItem\",\"position\":1,\"name\":\"Portada\",\"item\":\"https:\/\/www.irisem.com\/pt\/\"},{\"@type\":\"ListItem\",\"position\":2,\"name\":\"Os Nossos Valores\"}]},{\"@type\":\"WebSite\",\"@id\":\"https:\/\/www.irisem.com\/#website\",\"url\":\"https:\/\/www.irisem.com\/\",\"name\":\"Irisem\",\"description\":\"Irisem, especialistas en colorantes, aditivos y pigmentos\",\"potentialAction\":[{\"@type\":\"SearchAction\",\"target\":{\"@type\":\"EntryPoint\",\"urlTemplate\":\"https:\/\/www.irisem.com\/?s={search_term_string}\"},\"query-input\":{\"@type\":\"PropertyValueSpecification\",\"valueRequired\":true,\"valueName\":\"search_term_string\"}}],\"inLanguage\":\"pt\"}]}<\/script>\n<!-- \/ Yoast SEO plugin. -->","yoast_head_json":{"title":"Valores de Irisem - Especialistas en colorantes qu\u00edmicos","description":"Somos especialistas en comprender las necesidades de nuestros clientes y convertirlas en f\u00f3rmulas qu\u00edmicas para la coloraci\u00f3n de sus productos","robots":{"index":"index","follow":"follow","max-snippet":"max-snippet:-1","max-image-preview":"max-image-preview:large","max-video-preview":"max-video-preview:-1"},"canonical":"https:\/\/www.irisem.com\/pt\/os-nossos-valores\/","og_locale":"pt_PT","og_type":"article","og_title":"Valores de Irisem - Especialistas en colorantes qu\u00edmicos","og_description":"Somos especialistas en comprender las necesidades de nuestros clientes y convertirlas en f\u00f3rmulas qu\u00edmicas para la coloraci\u00f3n de sus productos","og_url":"https:\/\/www.irisem.com\/pt\/os-nossos-valores\/","og_site_name":"Irisem","article_modified_time":"2018-03-20T14:26:31+00:00","og_image":[{"url":"http:\/\/www.irisem.com\/wp-content\/uploads\/2014\/11\/valores-1.jpg","type":"","width":"","height":""}],"twitter_misc":{"Est. reading time":"2 minutes"},"schema":{"@context":"https:\/\/schema.org","@graph":[{"@type":"WebPage","@id":"https:\/\/www.irisem.com\/pt\/os-nossos-valores\/","url":"https:\/\/www.irisem.com\/pt\/os-nossos-valores\/","name":"Valores de Irisem - Especialistas en colorantes qu\u00edmicos","isPartOf":{"@id":"https:\/\/www.irisem.com\/#website"},"primaryImageOfPage":{"@id":"https:\/\/www.irisem.com\/pt\/os-nossos-valores\/#primaryimage"},"image":{"@id":"https:\/\/www.irisem.com\/pt\/os-nossos-valores\/#primaryimage"},"thumbnailUrl":"http:\/\/www.irisem.com\/wp-content\/uploads\/2014\/11\/valores-1.jpg","datePublished":"2014-11-13T15:29:29+00:00","dateModified":"2018-03-20T14:26:31+00:00","description":"Somos especialistas en comprender las necesidades de nuestros clientes y convertirlas en f\u00f3rmulas qu\u00edmicas para la coloraci\u00f3n de sus productos","breadcrumb":{"@id":"https:\/\/www.irisem.com\/pt\/os-nossos-valores\/#breadcrumb"},"inLanguage":"pt","potentialAction":[{"@type":"ReadAction","target":["https:\/\/www.irisem.com\/pt\/os-nossos-valores\/"]}]},{"@type":"ImageObject","inLanguage":"pt","@id":"https:\/\/www.irisem.com\/pt\/os-nossos-valores\/#primaryimage","url":"http:\/\/www.irisem.com\/wp-content\/uploads\/2014\/11\/valores-1.jpg","contentUrl":"http:\/\/www.irisem.com\/wp-content\/uploads\/2014\/11\/valores-1.jpg"},{"@type":"BreadcrumbList","@id":"https:\/\/www.irisem.com\/pt\/os-nossos-valores\/#breadcrumb","itemListElement":[{"@type":"ListItem","position":1,"name":"Portada","item":"https:\/\/www.irisem.com\/pt\/"},{"@type":"ListItem","position":2,"name":"Os Nossos Valores"}]},{"@type":"WebSite","@id":"https:\/\/www.irisem.com\/#website","url":"https:\/\/www.irisem.com\/","name":"Irisem","description":"Irisem, especialistas en colorantes, aditivos y pigmentos","potentialAction":[{"@type":"SearchAction","target":{"@type":"EntryPoint","urlTemplate":"https:\/\/www.irisem.com\/?s={search_term_string}"},"query-input":{"@type":"PropertyValueSpecification","valueRequired":true,"valueName":"search_term_string"}}],"inLanguage":"pt"}]}},"_links":{"self":[{"href":"https:\/\/www.irisem.com\/pt\/wp-json\/wp\/v2\/pages\/20142","targetHints":{"allow":["GET"]}}],"collection":[{"href":"https:\/\/www.irisem.com\/pt\/wp-json\/wp\/v2\/pages"}],"about":[{"href":"https:\/\/www.irisem.com\/pt\/wp-json\/wp\/v2\/types\/page"}],"author":[{"embeddable":true,"href":"https:\/\/www.irisem.com\/pt\/wp-json\/wp\/v2\/users\/1"}],"replies":[{"embeddable":true,"href":"https:\/\/www.irisem.com\/pt\/wp-json\/wp\/v2\/comments?post=20142"}],"version-history":[{"count":0,"href":"https:\/\/www.irisem.com\/pt\/wp-json\/wp\/v2\/pages\/20142\/revisions"}],"wp:attachment":[{"href":"https:\/\/www.irisem.com\/pt\/wp-json\/wp\/v2\/media?parent=20142"}],"curies":[{"name":"wp","href":"https:\/\/api.w.org\/{rel}","templated":true}]}}