{"id":20140,"date":"2014-11-13T16:29:08","date_gmt":"2014-11-13T15:29:08","guid":{"rendered":"http:\/\/www.irisem.com\/historia\/"},"modified":"2018-03-21T09:08:53","modified_gmt":"2018-03-21T08:08:53","slug":"historia","status":"publish","type":"page","link":"https:\/\/www.irisem.com\/pt\/historia\/","title":{"rendered":"Hist\u00f3ria"},"content":{"rendered":"<div class=\"fusion-fullwidth fullwidth-box fusion-builder-row-1 nonhundred-percent-fullwidth non-hundred-percent-height-scrolling\" style=\"--awb-border-radius-top-left:0px;--awb-border-radius-top-right:0px;--awb-border-radius-bottom-right:0px;--awb-border-radius-bottom-left:0px;--awb-flex-wrap:wrap;\" ><div class=\"fusion-builder-row fusion-row\"><div class=\"fusion-layout-column fusion_builder_column fusion-builder-column-0 fusion_builder_column_1_1 1_1 fusion-one-full fusion-column-first fusion-column-last\" style=\"--awb-bg-size:cover;\"><div class=\"fusion-column-wrapper fusion-flex-column-wrapper-legacy\"><div class=\"fusion-text fusion-text-1\"><h2><img decoding=\"async\" class=\"alignleft wp-image-872\" src=\"http:\/\/www.irisem.com\/wp-content\/uploads\/2016\/11\/MG_7383-retoque-BLOG-1.jpg\" alt=\"\" width=\"416\" height=\"275\" srcset=\"https:\/\/www.irisem.com\/wp-content\/uploads\/2016\/11\/MG_7383-retoque-BLOG-1-300x198.jpg 300w, https:\/\/www.irisem.com\/wp-content\/uploads\/2016\/11\/MG_7383-retoque-BLOG-1-500x330.jpg 500w, https:\/\/www.irisem.com\/wp-content\/uploads\/2016\/11\/MG_7383-retoque-BLOG-1.jpg 630w\" sizes=\"(max-width: 416px) 100vw, 416px\" \/>A nossa hist\u00f3ria e evolu\u00e7\u00e3o<\/h2>\n<p>A Irisem \u00e9 uma empresa de capital 100% valenciano fundada h\u00e1 25 anos pelo seu atual presidente, Hermann Fern\u00e1ndez Beade, como distribuidora de CLARIANT da zona Este e Sul da pen\u00ednsula.<\/p>\n<p>Desde ent\u00e3o temos crescido junto dos nossos clientes mantendo-nos atualizados em rela\u00e7\u00e3o aos \u00faltimos avan\u00e7os no setor, comprometendo-nos a oferecer-lhes um atendimento personalizado e um aconselhamento t\u00e9cnico que nos leve a encontrar as soluciones perfeitas para cada empresa.<\/p>\n<h4>\u00a0 \u00a0 \u00a0 \u00a0 \u00a0 \u00a0 \u00a0 \u201cSolu\u00e7\u00f5es qu\u00edmicas adaptadas a todo o tipo de ind\u00fastrias e projetos\u201d<\/h4>\n<p>Dispomos, atualmente, nos nossos armaz\u00e9ns de uma ampla gama de produtos, que juntamente com a nossa experi\u00eancia nos diferentes setores de atividade, nos capacita com um grande poder de rea\u00e7\u00e3o ante as demandas dos nossos clientes.<\/p>\n<p>Desde corantes a pigmentos, prepara\u00e7\u00f5es pigment\u00e1rias, aditivos, masterbatch\u2026 tudo enfocado de forma espec\u00edfica para uma grande variedade de setores industriais, entre os quais se destacam as tintas e vernizes, pl\u00e1sticos, curtumes, t\u00eaxtil, papel, agricultura ou limpeza.<\/p>\n<p>Em suma, o nosso objetivo \u00e9 sermos capazes de oferecer solu\u00e7\u00f5es integrais para todas as ind\u00fastrias onde se leve a cabo um processo qu\u00edmico, seja qual for a complexidade das suas exig\u00eancias.<\/p>\n<\/div><div class=\"fusion-clearfix\"><\/div><\/div><\/div><\/div><\/div>\n","protected":false},"excerpt":{"rendered":"","protected":false},"author":1,"featured_media":0,"parent":0,"menu_order":0,"comment_status":"open","ping_status":"closed","template":"","meta":{"footnotes":""},"class_list":["post-20140","page","type-page","status-publish","hentry"],"yoast_head":"<!-- This site is optimized with the Yoast SEO plugin v27.1.1 - https:\/\/yoast.com\/product\/yoast-seo-wordpress\/ -->\n<title>Historia de Irisem - Especialistas en productos qu\u00edmicos<\/title>\n<meta name=\"description\" content=\"En Irisem tenemos m\u00e1s de 25 a\u00f1os de experiencia en la formulaci\u00f3n de soluciones qu\u00edmicas para la coloraci\u00f3n en procesos industriales, con\u00f3cenos!\" \/>\n<meta name=\"robots\" content=\"index, follow, max-snippet:-1, max-image-preview:large, max-video-preview:-1\" \/>\n<link rel=\"canonical\" href=\"https:\/\/www.irisem.com\/pt\/historia\/\" \/>\n<meta property=\"og:locale\" content=\"pt_PT\" \/>\n<meta property=\"og:type\" content=\"article\" \/>\n<meta property=\"og:title\" content=\"Historia de Irisem - Especialistas en productos qu\u00edmicos\" \/>\n<meta property=\"og:description\" content=\"En Irisem tenemos m\u00e1s de 25 a\u00f1os de experiencia en la formulaci\u00f3n de soluciones qu\u00edmicas para la coloraci\u00f3n en procesos industriales, con\u00f3cenos!\" \/>\n<meta property=\"og:url\" content=\"https:\/\/www.irisem.com\/pt\/historia\/\" \/>\n<meta property=\"og:site_name\" content=\"Irisem\" \/>\n<meta property=\"article:modified_time\" content=\"2018-03-21T08:08:53+00:00\" \/>\n<meta property=\"og:image\" content=\"http:\/\/www.irisem.com\/wp-content\/uploads\/2016\/11\/MG_7383-retoque-BLOG-1.jpg\" \/>\n<meta name=\"twitter:label1\" content=\"Est. reading time\" \/>\n\t<meta name=\"twitter:data1\" content=\"2 minutes\" \/>\n<script type=\"application\/ld+json\" class=\"yoast-schema-graph\">{\"@context\":\"https:\/\/schema.org\",\"@graph\":[{\"@type\":\"WebPage\",\"@id\":\"https:\/\/www.irisem.com\/pt\/historia\/\",\"url\":\"https:\/\/www.irisem.com\/pt\/historia\/\",\"name\":\"Historia de Irisem - Especialistas en productos qu\u00edmicos\",\"isPartOf\":{\"@id\":\"https:\/\/www.irisem.com\/#website\"},\"primaryImageOfPage\":{\"@id\":\"https:\/\/www.irisem.com\/pt\/historia\/#primaryimage\"},\"image\":{\"@id\":\"https:\/\/www.irisem.com\/pt\/historia\/#primaryimage\"},\"thumbnailUrl\":\"http:\/\/www.irisem.com\/wp-content\/uploads\/2016\/11\/MG_7383-retoque-BLOG-1.jpg\",\"datePublished\":\"2014-11-13T15:29:08+00:00\",\"dateModified\":\"2018-03-21T08:08:53+00:00\",\"description\":\"En Irisem tenemos m\u00e1s de 25 a\u00f1os de experiencia en la formulaci\u00f3n de soluciones qu\u00edmicas para la coloraci\u00f3n en procesos industriales, con\u00f3cenos!\",\"breadcrumb\":{\"@id\":\"https:\/\/www.irisem.com\/pt\/historia\/#breadcrumb\"},\"inLanguage\":\"pt\",\"potentialAction\":[{\"@type\":\"ReadAction\",\"target\":[\"https:\/\/www.irisem.com\/pt\/historia\/\"]}]},{\"@type\":\"ImageObject\",\"inLanguage\":\"pt\",\"@id\":\"https:\/\/www.irisem.com\/pt\/historia\/#primaryimage\",\"url\":\"http:\/\/www.irisem.com\/wp-content\/uploads\/2016\/11\/MG_7383-retoque-BLOG-1.jpg\",\"contentUrl\":\"http:\/\/www.irisem.com\/wp-content\/uploads\/2016\/11\/MG_7383-retoque-BLOG-1.jpg\"},{\"@type\":\"BreadcrumbList\",\"@id\":\"https:\/\/www.irisem.com\/pt\/historia\/#breadcrumb\",\"itemListElement\":[{\"@type\":\"ListItem\",\"position\":1,\"name\":\"Portada\",\"item\":\"https:\/\/www.irisem.com\/pt\/\"},{\"@type\":\"ListItem\",\"position\":2,\"name\":\"Hist\u00f3ria\"}]},{\"@type\":\"WebSite\",\"@id\":\"https:\/\/www.irisem.com\/#website\",\"url\":\"https:\/\/www.irisem.com\/\",\"name\":\"Irisem\",\"description\":\"Irisem, especialistas en colorantes, aditivos y pigmentos\",\"potentialAction\":[{\"@type\":\"SearchAction\",\"target\":{\"@type\":\"EntryPoint\",\"urlTemplate\":\"https:\/\/www.irisem.com\/?s={search_term_string}\"},\"query-input\":{\"@type\":\"PropertyValueSpecification\",\"valueRequired\":true,\"valueName\":\"search_term_string\"}}],\"inLanguage\":\"pt\"}]}<\/script>\n<!-- \/ Yoast SEO plugin. -->","yoast_head_json":{"title":"Historia de Irisem - Especialistas en productos qu\u00edmicos","description":"En Irisem tenemos m\u00e1s de 25 a\u00f1os de experiencia en la formulaci\u00f3n de soluciones qu\u00edmicas para la coloraci\u00f3n en procesos industriales, con\u00f3cenos!","robots":{"index":"index","follow":"follow","max-snippet":"max-snippet:-1","max-image-preview":"max-image-preview:large","max-video-preview":"max-video-preview:-1"},"canonical":"https:\/\/www.irisem.com\/pt\/historia\/","og_locale":"pt_PT","og_type":"article","og_title":"Historia de Irisem - Especialistas en productos qu\u00edmicos","og_description":"En Irisem tenemos m\u00e1s de 25 a\u00f1os de experiencia en la formulaci\u00f3n de soluciones qu\u00edmicas para la coloraci\u00f3n en procesos industriales, con\u00f3cenos!","og_url":"https:\/\/www.irisem.com\/pt\/historia\/","og_site_name":"Irisem","article_modified_time":"2018-03-21T08:08:53+00:00","og_image":[{"url":"http:\/\/www.irisem.com\/wp-content\/uploads\/2016\/11\/MG_7383-retoque-BLOG-1.jpg","type":"","width":"","height":""}],"twitter_misc":{"Est. reading time":"2 minutes"},"schema":{"@context":"https:\/\/schema.org","@graph":[{"@type":"WebPage","@id":"https:\/\/www.irisem.com\/pt\/historia\/","url":"https:\/\/www.irisem.com\/pt\/historia\/","name":"Historia de Irisem - Especialistas en productos qu\u00edmicos","isPartOf":{"@id":"https:\/\/www.irisem.com\/#website"},"primaryImageOfPage":{"@id":"https:\/\/www.irisem.com\/pt\/historia\/#primaryimage"},"image":{"@id":"https:\/\/www.irisem.com\/pt\/historia\/#primaryimage"},"thumbnailUrl":"http:\/\/www.irisem.com\/wp-content\/uploads\/2016\/11\/MG_7383-retoque-BLOG-1.jpg","datePublished":"2014-11-13T15:29:08+00:00","dateModified":"2018-03-21T08:08:53+00:00","description":"En Irisem tenemos m\u00e1s de 25 a\u00f1os de experiencia en la formulaci\u00f3n de soluciones qu\u00edmicas para la coloraci\u00f3n en procesos industriales, con\u00f3cenos!","breadcrumb":{"@id":"https:\/\/www.irisem.com\/pt\/historia\/#breadcrumb"},"inLanguage":"pt","potentialAction":[{"@type":"ReadAction","target":["https:\/\/www.irisem.com\/pt\/historia\/"]}]},{"@type":"ImageObject","inLanguage":"pt","@id":"https:\/\/www.irisem.com\/pt\/historia\/#primaryimage","url":"http:\/\/www.irisem.com\/wp-content\/uploads\/2016\/11\/MG_7383-retoque-BLOG-1.jpg","contentUrl":"http:\/\/www.irisem.com\/wp-content\/uploads\/2016\/11\/MG_7383-retoque-BLOG-1.jpg"},{"@type":"BreadcrumbList","@id":"https:\/\/www.irisem.com\/pt\/historia\/#breadcrumb","itemListElement":[{"@type":"ListItem","position":1,"name":"Portada","item":"https:\/\/www.irisem.com\/pt\/"},{"@type":"ListItem","position":2,"name":"Hist\u00f3ria"}]},{"@type":"WebSite","@id":"https:\/\/www.irisem.com\/#website","url":"https:\/\/www.irisem.com\/","name":"Irisem","description":"Irisem, especialistas en colorantes, aditivos y pigmentos","potentialAction":[{"@type":"SearchAction","target":{"@type":"EntryPoint","urlTemplate":"https:\/\/www.irisem.com\/?s={search_term_string}"},"query-input":{"@type":"PropertyValueSpecification","valueRequired":true,"valueName":"search_term_string"}}],"inLanguage":"pt"}]}},"_links":{"self":[{"href":"https:\/\/www.irisem.com\/pt\/wp-json\/wp\/v2\/pages\/20140","targetHints":{"allow":["GET"]}}],"collection":[{"href":"https:\/\/www.irisem.com\/pt\/wp-json\/wp\/v2\/pages"}],"about":[{"href":"https:\/\/www.irisem.com\/pt\/wp-json\/wp\/v2\/types\/page"}],"author":[{"embeddable":true,"href":"https:\/\/www.irisem.com\/pt\/wp-json\/wp\/v2\/users\/1"}],"replies":[{"embeddable":true,"href":"https:\/\/www.irisem.com\/pt\/wp-json\/wp\/v2\/comments?post=20140"}],"version-history":[{"count":0,"href":"https:\/\/www.irisem.com\/pt\/wp-json\/wp\/v2\/pages\/20140\/revisions"}],"wp:attachment":[{"href":"https:\/\/www.irisem.com\/pt\/wp-json\/wp\/v2\/media?parent=20140"}],"curies":[{"name":"wp","href":"https:\/\/api.w.org\/{rel}","templated":true}]}}