{"id":20135,"date":"2017-09-11T13:53:18","date_gmt":"2017-09-11T11:53:18","guid":{"rendered":"http:\/\/www.irisem.com\/quimicos-papel\/"},"modified":"2018-03-20T16:00:41","modified_gmt":"2018-03-20T15:00:41","slug":"quimicos-papel","status":"publish","type":"page","link":"https:\/\/www.irisem.com\/pt\/quimicos-papel\/","title":{"rendered":"Papel"},"content":{"rendered":"<p><div class=\"fusion-fullwidth fullwidth-box fusion-builder-row-1 nonhundred-percent-fullwidth non-hundred-percent-height-scrolling\" style=\"--awb-border-radius-top-left:0px;--awb-border-radius-top-right:0px;--awb-border-radius-bottom-right:0px;--awb-border-radius-bottom-left:0px;--awb-flex-wrap:wrap;\" ><div class=\"fusion-builder-row fusion-row\"><div class=\"fusion-layout-column fusion_builder_column fusion-builder-column-0 fusion_builder_column_1_1 1_1 fusion-one-full fusion-column-first fusion-column-last\" style=\"--awb-bg-size:cover;\"><div class=\"fusion-column-wrapper fusion-flex-column-wrapper-legacy\"><div class=\"fusion-text fusion-text-1\"><h2>Produtos para a ind\u00fastria do Papel<\/h2>\n<p><img decoding=\"async\" class=\"size-full wp-image-19166 alignleft\" src=\"http:\/\/www.irisem.com\/wp-content\/uploads\/2015\/02\/papel.jpg\" alt=\"\" width=\"213\" height=\"213\" \/><\/p>\n<p>Na Irisem somos <strong>especialistas em produtos qu\u00edmicos para a ind\u00fastria do papel<\/strong>, apresentando solu\u00e7\u00f5es tanto a n\u00edvel de processos para reduzir custos e melhorar a produ\u00e7\u00e3o, como a n\u00edvel de melhorias funcionais no produto, concorrendo com propriedades espec\u00edficas procuradas pelos clientes com um valor diferencial.<\/p>\n<p><strong>Somos capazes de desenvolver e obter qualquer matiz que necessite, segundo as exig\u00eancias do mercado atual.<\/strong><\/p>\n<div>\n<p><img decoding=\"async\" class=\"wp-image-669 alignright\" src=\"http:\/\/www.irisem.com\/wp-content\/uploads\/2015\/02\/hermann-fernandez.png\" alt=\"Hermann Fern\u00e1ndez Beade\" width=\"108\" height=\"84\" \/><\/p>\n<h5 style=\"text-align: right;\">Hermann Fern\u00e1ndez Beade<\/h5>\n<h6 style=\"text-align: right;\">Fundador<\/h6>\n<h6 style=\"text-align: right;\">Especialista en papel<\/h6>\n<\/div>\n<\/div><div class=\"fusion-clearfix\"><\/div><\/div><\/div><\/div><\/div><div class=\"fusion-fullwidth fullwidth-box fusion-builder-row-2 nonhundred-percent-fullwidth non-hundred-percent-height-scrolling\" style=\"--awb-border-radius-top-left:0px;--awb-border-radius-top-right:0px;--awb-border-radius-bottom-right:0px;--awb-border-radius-bottom-left:0px;--awb-margin-top:80px;--awb-flex-wrap:wrap;\" ><div class=\"fusion-builder-row fusion-row\"><div class=\"fusion-layout-column fusion_builder_column fusion-builder-column-1 fusion_builder_column_1_2 1_2 fusion-one-half fusion-column-first\" style=\"--awb-bg-size:cover;width:48%; margin-right: 4%;\"><div class=\"fusion-column-wrapper fusion-flex-column-wrapper-legacy\"><div class=\"fusion-text fusion-text-2\"><h3>Campos de aplica\u00e7\u00e3o<\/h3>\n<p>Podemos oferecer aos nossos clientes uma ampla gama de produtos e suporte t\u00e9cnico necess\u00e1rio, com solu\u00e7\u00f5es em todo o tipo de campos de aplica\u00e7\u00e3o, com a finalidade de que o nosso servi\u00e7o no campo da qu\u00edmica seja integral e chegue a todas as necessidades do cliente.<\/p>\n<p>Contamos com corantes diretos (s\u00f3lidos e l\u00edquidos), cati\u00f3nicos (l\u00edquidos) e dispers\u00f5es pigment\u00e1rias em base aquosa, para poder colorir qualquer tipo de pasta obtendo a melhor solidez e \u00e1guas residuais mais limpas e menos contaminantes<\/p>\n<\/div><div class=\"fusion-clearfix\"><\/div><\/div><\/div><div class=\"fusion-layout-column fusion_builder_column fusion-builder-column-2 fusion_builder_column_1_2 1_2 fusion-one-half fusion-column-last\" style=\"--awb-bg-size:cover;width:48%;\"><div class=\"fusion-column-wrapper fusion-flex-column-wrapper-legacy\"><div class=\"fusion-text fusion-text-3\"><h3>Encontramo-nos presentes nas seguintes ind\u00fastrias<\/h3>\n<p>Dentro do setor do papel, temos experi\u00eancia em m\u00faltiplas ind\u00fastrias e \u00e1reas de atividade espec\u00edficas, tendo realizado projetos de todo o tipo de solicita\u00e7\u00f5es e dimens\u00f5es.<\/p>\n<p>Algumas das nossas ind\u00fastrias principais com as quais trabalhamos s\u00e3o as seguintes:<\/p>\n<div style=\"width: 50%; float: left;\">\u2013 Embalagem e cart\u00e3o<br \/>\n\u2013 Cartolinas e pap\u00e9is especiais<\/div>\n<div style=\"width: 50%; float: left;\">\u2013 Tissue<br \/>\n\u2013 Tratamento \u00e1guas<\/div>\n<p>Podemos dar-lhe apoio t\u00e9cnico, selecionando o produto mais adequado conforme as suas necessidades e tamb\u00e9m o ajudaremos logisticamente.<\/p>\n<\/div><div class=\"fusion-clearfix\"><\/div><\/div><\/div><\/div><\/div><\/p>\n","protected":false},"excerpt":{"rendered":"","protected":false},"author":1,"featured_media":0,"parent":0,"menu_order":0,"comment_status":"open","ping_status":"open","template":"","meta":{"footnotes":""},"class_list":["post-20135","page","type-page","status-publish","hentry"],"yoast_head":"<!-- This site is optimized with the Yoast SEO plugin v27.1.1 - https:\/\/yoast.com\/product\/yoast-seo-wordpress\/ -->\n<title>Pigmentos para pl\u00e1sticos - Colorantes para Pl\u00e1sticos<\/title>\n<meta name=\"description\" content=\"Especialistas en pigmentos para pl\u00e1sticos, colorantes y aditivos con m\u00e1s de 25 a\u00f1os de experiencia en el sector de las soluciones qu\u00edmicas\" \/>\n<meta name=\"robots\" content=\"index, follow, max-snippet:-1, max-image-preview:large, max-video-preview:-1\" \/>\n<link rel=\"canonical\" href=\"https:\/\/www.irisem.com\/pt\/quimicos-papel\/\" \/>\n<meta property=\"og:locale\" content=\"pt_PT\" \/>\n<meta property=\"og:type\" content=\"article\" \/>\n<meta property=\"og:title\" content=\"Pigmentos para pl\u00e1sticos - Colorantes para Pl\u00e1sticos\" \/>\n<meta property=\"og:description\" content=\"Especialistas en pigmentos para pl\u00e1sticos, colorantes y aditivos con m\u00e1s de 25 a\u00f1os de experiencia en el sector de las soluciones qu\u00edmicas\" \/>\n<meta property=\"og:url\" content=\"https:\/\/www.irisem.com\/pt\/quimicos-papel\/\" \/>\n<meta property=\"og:site_name\" content=\"Irisem\" \/>\n<meta property=\"article:modified_time\" content=\"2018-03-20T15:00:41+00:00\" \/>\n<meta property=\"og:image\" content=\"http:\/\/www.irisem.com\/wp-content\/uploads\/2015\/02\/papel.jpg\" \/>\n<meta name=\"twitter:label1\" content=\"Est. reading time\" \/>\n\t<meta name=\"twitter:data1\" content=\"3 minutes\" \/>\n<script type=\"application\/ld+json\" class=\"yoast-schema-graph\">{\"@context\":\"https:\/\/schema.org\",\"@graph\":[{\"@type\":\"WebPage\",\"@id\":\"https:\/\/www.irisem.com\/pt\/quimicos-papel\/\",\"url\":\"https:\/\/www.irisem.com\/pt\/quimicos-papel\/\",\"name\":\"Pigmentos para pl\u00e1sticos - Colorantes para Pl\u00e1sticos\",\"isPartOf\":{\"@id\":\"https:\/\/www.irisem.com\/#website\"},\"primaryImageOfPage\":{\"@id\":\"https:\/\/www.irisem.com\/pt\/quimicos-papel\/#primaryimage\"},\"image\":{\"@id\":\"https:\/\/www.irisem.com\/pt\/quimicos-papel\/#primaryimage\"},\"thumbnailUrl\":\"http:\/\/www.irisem.com\/wp-content\/uploads\/2015\/02\/papel.jpg\",\"datePublished\":\"2017-09-11T11:53:18+00:00\",\"dateModified\":\"2018-03-20T15:00:41+00:00\",\"description\":\"Especialistas en pigmentos para pl\u00e1sticos, colorantes y aditivos con m\u00e1s de 25 a\u00f1os de experiencia en el sector de las soluciones qu\u00edmicas\",\"breadcrumb\":{\"@id\":\"https:\/\/www.irisem.com\/pt\/quimicos-papel\/#breadcrumb\"},\"inLanguage\":\"pt\",\"potentialAction\":[{\"@type\":\"ReadAction\",\"target\":[\"https:\/\/www.irisem.com\/pt\/quimicos-papel\/\"]}]},{\"@type\":\"ImageObject\",\"inLanguage\":\"pt\",\"@id\":\"https:\/\/www.irisem.com\/pt\/quimicos-papel\/#primaryimage\",\"url\":\"http:\/\/www.irisem.com\/wp-content\/uploads\/2015\/02\/papel.jpg\",\"contentUrl\":\"http:\/\/www.irisem.com\/wp-content\/uploads\/2015\/02\/papel.jpg\"},{\"@type\":\"BreadcrumbList\",\"@id\":\"https:\/\/www.irisem.com\/pt\/quimicos-papel\/#breadcrumb\",\"itemListElement\":[{\"@type\":\"ListItem\",\"position\":1,\"name\":\"Portada\",\"item\":\"https:\/\/www.irisem.com\/pt\/\"},{\"@type\":\"ListItem\",\"position\":2,\"name\":\"Papel\"}]},{\"@type\":\"WebSite\",\"@id\":\"https:\/\/www.irisem.com\/#website\",\"url\":\"https:\/\/www.irisem.com\/\",\"name\":\"Irisem\",\"description\":\"Irisem, especialistas en colorantes, aditivos y pigmentos\",\"potentialAction\":[{\"@type\":\"SearchAction\",\"target\":{\"@type\":\"EntryPoint\",\"urlTemplate\":\"https:\/\/www.irisem.com\/?s={search_term_string}\"},\"query-input\":{\"@type\":\"PropertyValueSpecification\",\"valueRequired\":true,\"valueName\":\"search_term_string\"}}],\"inLanguage\":\"pt\"}]}<\/script>\n<!-- \/ Yoast SEO plugin. -->","yoast_head_json":{"title":"Pigmentos para pl\u00e1sticos - Colorantes para Pl\u00e1sticos","description":"Especialistas en pigmentos para pl\u00e1sticos, colorantes y aditivos con m\u00e1s de 25 a\u00f1os de experiencia en el sector de las soluciones qu\u00edmicas","robots":{"index":"index","follow":"follow","max-snippet":"max-snippet:-1","max-image-preview":"max-image-preview:large","max-video-preview":"max-video-preview:-1"},"canonical":"https:\/\/www.irisem.com\/pt\/quimicos-papel\/","og_locale":"pt_PT","og_type":"article","og_title":"Pigmentos para pl\u00e1sticos - Colorantes para Pl\u00e1sticos","og_description":"Especialistas en pigmentos para pl\u00e1sticos, colorantes y aditivos con m\u00e1s de 25 a\u00f1os de experiencia en el sector de las soluciones qu\u00edmicas","og_url":"https:\/\/www.irisem.com\/pt\/quimicos-papel\/","og_site_name":"Irisem","article_modified_time":"2018-03-20T15:00:41+00:00","og_image":[{"url":"http:\/\/www.irisem.com\/wp-content\/uploads\/2015\/02\/papel.jpg","type":"","width":"","height":""}],"twitter_misc":{"Est. reading time":"3 minutes"},"schema":{"@context":"https:\/\/schema.org","@graph":[{"@type":"WebPage","@id":"https:\/\/www.irisem.com\/pt\/quimicos-papel\/","url":"https:\/\/www.irisem.com\/pt\/quimicos-papel\/","name":"Pigmentos para pl\u00e1sticos - Colorantes para Pl\u00e1sticos","isPartOf":{"@id":"https:\/\/www.irisem.com\/#website"},"primaryImageOfPage":{"@id":"https:\/\/www.irisem.com\/pt\/quimicos-papel\/#primaryimage"},"image":{"@id":"https:\/\/www.irisem.com\/pt\/quimicos-papel\/#primaryimage"},"thumbnailUrl":"http:\/\/www.irisem.com\/wp-content\/uploads\/2015\/02\/papel.jpg","datePublished":"2017-09-11T11:53:18+00:00","dateModified":"2018-03-20T15:00:41+00:00","description":"Especialistas en pigmentos para pl\u00e1sticos, colorantes y aditivos con m\u00e1s de 25 a\u00f1os de experiencia en el sector de las soluciones qu\u00edmicas","breadcrumb":{"@id":"https:\/\/www.irisem.com\/pt\/quimicos-papel\/#breadcrumb"},"inLanguage":"pt","potentialAction":[{"@type":"ReadAction","target":["https:\/\/www.irisem.com\/pt\/quimicos-papel\/"]}]},{"@type":"ImageObject","inLanguage":"pt","@id":"https:\/\/www.irisem.com\/pt\/quimicos-papel\/#primaryimage","url":"http:\/\/www.irisem.com\/wp-content\/uploads\/2015\/02\/papel.jpg","contentUrl":"http:\/\/www.irisem.com\/wp-content\/uploads\/2015\/02\/papel.jpg"},{"@type":"BreadcrumbList","@id":"https:\/\/www.irisem.com\/pt\/quimicos-papel\/#breadcrumb","itemListElement":[{"@type":"ListItem","position":1,"name":"Portada","item":"https:\/\/www.irisem.com\/pt\/"},{"@type":"ListItem","position":2,"name":"Papel"}]},{"@type":"WebSite","@id":"https:\/\/www.irisem.com\/#website","url":"https:\/\/www.irisem.com\/","name":"Irisem","description":"Irisem, especialistas en colorantes, aditivos y pigmentos","potentialAction":[{"@type":"SearchAction","target":{"@type":"EntryPoint","urlTemplate":"https:\/\/www.irisem.com\/?s={search_term_string}"},"query-input":{"@type":"PropertyValueSpecification","valueRequired":true,"valueName":"search_term_string"}}],"inLanguage":"pt"}]}},"_links":{"self":[{"href":"https:\/\/www.irisem.com\/pt\/wp-json\/wp\/v2\/pages\/20135","targetHints":{"allow":["GET"]}}],"collection":[{"href":"https:\/\/www.irisem.com\/pt\/wp-json\/wp\/v2\/pages"}],"about":[{"href":"https:\/\/www.irisem.com\/pt\/wp-json\/wp\/v2\/types\/page"}],"author":[{"embeddable":true,"href":"https:\/\/www.irisem.com\/pt\/wp-json\/wp\/v2\/users\/1"}],"replies":[{"embeddable":true,"href":"https:\/\/www.irisem.com\/pt\/wp-json\/wp\/v2\/comments?post=20135"}],"version-history":[{"count":0,"href":"https:\/\/www.irisem.com\/pt\/wp-json\/wp\/v2\/pages\/20135\/revisions"}],"wp:attachment":[{"href":"https:\/\/www.irisem.com\/pt\/wp-json\/wp\/v2\/media?parent=20135"}],"curies":[{"name":"wp","href":"https:\/\/api.w.org\/{rel}","templated":true}]}}