{"id":19459,"date":"2017-09-12T09:07:08","date_gmt":"2017-09-12T07:07:08","guid":{"rendered":"http:\/\/www.irisem.com\/sanitized-actifresh\/"},"modified":"2017-09-15T10:00:34","modified_gmt":"2017-09-15T08:00:34","slug":"sanitized-actifresh","status":"publish","type":"page","link":"https:\/\/www.irisem.com\/en\/sanitized-actifresh\/","title":{"rendered":"Sanitized"},"content":{"rendered":"<p><div class=\"fusion-fullwidth fullwidth-box fusion-builder-row-1 nonhundred-percent-fullwidth non-hundred-percent-height-scrolling\" style=\"--awb-border-radius-top-left:0px;--awb-border-radius-top-right:0px;--awb-border-radius-bottom-right:0px;--awb-border-radius-bottom-left:0px;--awb-flex-wrap:wrap;\" ><div class=\"fusion-builder-row fusion-row\"><div class=\"fusion-layout-column fusion_builder_column fusion-builder-column-0 fusion_builder_column_1_1 1_1 fusion-one-full fusion-column-first fusion-column-last\" style=\"--awb-bg-size:cover;\"><div class=\"fusion-column-wrapper fusion-flex-column-wrapper-legacy\"><div class=\"fusion-text fusion-text-1\"><h2>Antimicrobial chemical solutions<\/h2>\n<p style=\"text-align: justify;\"><img decoding=\"async\" class=\"size-full wp-image-19166 alignleft\" src=\"http:\/\/www.irisem.com\/wp-content\/uploads\/2015\/02\/biocidas.jpg\" alt=\"\" width=\"213\" height=\"213\" \/><strong>Irisem<\/strong> also place at your disposal products from the sector\u2019s leading brands, such as Sanitized\u00ae.. Our solutions offer secure and lasting protection against bacteria, mould and other aggressive agents, allowing us to improve the conservation of your products and materials over a long period of time, not just on the surface, in terms of presenting a good aspect, but also preserving their underlying structure and fundamental characteristics. You can see some of these applications at <a href=\"http:\/\/www.sanitized.house\/\" target=\"_blank\" rel=\"noopener\"><strong>The House &#8211; Sanitized\u00ae<\/strong><\/a><\/p>\n<h4 style=\"padding-left: 60px; text-align: justify;\">The different products of the Sanitized\u00ae Range will provide your product with great added value, along with lasting protection of both the products and the environments they are destined for.<\/h4>\n<div>\n<p><img decoding=\"async\" class=\"wp-image-669 alignright\" src=\"http:\/\/www.irisem.com\/wp-content\/uploads\/2015\/11\/juanmiguel-raga.png\" alt=\"Juan Miguel Raga\" width=\"108\" height=\"84\" \/><\/p>\n<h5 style=\"text-align: right;\">Juan Miguel Raga<\/h5>\n<h6 style=\"text-align: right;\">Product Manager<\/h6>\n<\/div>\n<\/div><div class=\"fusion-clearfix\"><\/div><\/div><\/div><\/div><\/div><div class=\"fusion-fullwidth fullwidth-box fusion-builder-row-2 nonhundred-percent-fullwidth non-hundred-percent-height-scrolling\" style=\"--awb-border-radius-top-left:0px;--awb-border-radius-top-right:0px;--awb-border-radius-bottom-right:0px;--awb-border-radius-bottom-left:0px;--awb-margin-top:80px;--awb-flex-wrap:wrap;\" ><div class=\"fusion-builder-row fusion-row\"><div class=\"fusion-layout-column fusion_builder_column fusion-builder-column-1 fusion_builder_column_1_1 1_1 fusion-one-full fusion-column-first fusion-column-last\" style=\"--awb-bg-size:cover;\"><div class=\"fusion-column-wrapper fusion-flex-column-wrapper-legacy\"><div class=\"fusion-text fusion-text-2\"><h3>Product applications<\/h3>\n<p style=\"text-align: justify;\"><img decoding=\"async\" class=\" wp-image-594 alignleft\" src=\"http:\/\/www.irisem.com\/wp-content\/uploads\/2014\/11\/sanitized.jpg\" alt=\"\" width=\"191\" height=\"176\" \/>Sanitized\u00ae products can be used in many different applications, such as <strong>films, fibres, sheets, coatings and foams<\/strong>, offering prolonged effect antimicrobial properties to the articles treated. Depending on the technology applied, it is possible for the products to be used in extrusion or injection moulding processes, masterbatches and compounding.<\/p>\n<p>At IRISEM, depending on your needs, we can either adapt different products, incorporating new formulas, or change existing ones, in order to extend their possibilities. Ask us about the different applications and the different active substances (silver, zinc pyrithione, isothiazolinone\u2026) and our team of specialist will assess you in your search for the best solution.<\/p>\n<\/div><div class=\"fusion-clearfix\"><\/div><\/div><\/div><\/div><\/div><div class=\"fusion-fullwidth fullwidth-box fusion-builder-row-3 nonhundred-percent-fullwidth non-hundred-percent-height-scrolling\" style=\"--awb-border-radius-top-left:0px;--awb-border-radius-top-right:0px;--awb-border-radius-bottom-right:0px;--awb-border-radius-bottom-left:0px;--awb-margin-top:80px;--awb-flex-wrap:wrap;\" ><div class=\"fusion-builder-row fusion-row\"><div class=\"fusion-layout-column fusion_builder_column fusion-builder-column-2 fusion_builder_column_1_1 1_1 fusion-one-full fusion-column-first fusion-column-last\" style=\"--awb-bg-size:cover;\"><div class=\"fusion-column-wrapper fusion-flex-column-wrapper-legacy\"><div class=\"fusion-text fusion-text-3\"><h3 style=\"text-align: justify;\">Rodacal Beyem y Sanitized firman un Acuerdo de Licencia para incorporar la tecnolog\u00eda de la multinacional suiza a morteros industriales<\/h3>\n<h3><img decoding=\"async\" class=\"alignleft wp-image-920 \" src=\"http:\/\/www.irisem.com\/wp-content\/uploads\/2017\/01\/certificado-rodacal-e1486729803788.jpg\" alt=\"\" width=\"538\" height=\"551\" \/><\/h3>\n<p style=\"text-align: justify;\">Rodacal Beyem ha llegado a un acuerdo con Sanitized, a trav\u00e9s de su distribuidor en Espa\u00f1a, Irisem, para la incorporaci\u00f3n de la tecnolog\u00eda de la multinacional suiza a los morteros industriales dise\u00f1ados y fabricados por la firma espa\u00f1ola.<\/p>\n<p style=\"text-align: justify;\">Mediante este acuerdo, el l\u00edder mundial en protecci\u00f3n higi\u00e9nica del material se introduce en el sector de la construcci\u00f3n, aprovechando su dilatada experiencia en el sector del pl\u00e1stico y textil, de la mano de su distribuidor, Irisem, y de Rodacal Beyem, referente en el mercado espa\u00f1ol en la fabricaci\u00f3n y comercializaci\u00f3n de productos para la construcci\u00f3n basados en ligantes.<\/p>\n<p style=\"text-align: justify;\">Mediante el uso de esta tecnolog\u00eda, Rodacal Beyem pretende dotar a sus productos relacionados con la superficie de prestaciones higi\u00e9nicas que repercutan en un mayor confort por parte del usuario final.<\/p>\n<p style=\"text-align: justify;\">Rodacal Beyem es una empresa dedicada, desde hace m\u00e1s de 30 a\u00f1os, a la fabricaci\u00f3n y distribuci\u00f3n de productos para la construcci\u00f3n. La empresa se funda en el a\u00f1o 1986 en La Roda. En sus inicios, la empresa manufactura y distribuye productos derivados de la cal.<\/p>\n<p style=\"text-align: justify;\">En el a\u00f1o 1988 Rodacal Beyem fabrica por primera vez cemento cola. A partir de aqu\u00ed, la empresa se reorienta a la producci\u00f3n y distribuci\u00f3n de productos derivados del cemento. Hoy en d\u00eda Rodacal Beyem ofrece toda clase de soluciones constructivas para la edificaci\u00f3n y es un referente dentro del sector.<\/p>\n<p style=\"text-align: justify;\">Sanitized AG es la empresa suiza l\u00edder mundial en funci\u00f3n higi\u00e9nica y protecci\u00f3n del material para art\u00edculos textiles y pl\u00e1sticos. Desde hace m\u00e1s de 80 a\u00f1os realiza una labor pionera en el desarrollo de tecnolog\u00edas seguras, eficaces e innovadoras para la protecci\u00f3n antimicrobiana: Productos antibacterianos, productos contra el moho, sustancias activas contra la destrucci\u00f3n de materiales y productos contra los \u00e1caros del polvo dom\u00e9stico.<\/p>\n<h2 data-fontsize=\"24\" data-lineheight=\"28\">25 a\u00f1os creciendo junto a los clientes<\/h2>\n<p><strong>Irisem<\/strong>\u00a0es una empresa de capital 100 % valenciano fundada hace 25 a\u00f1os por su actual presidente,\u00a0<strong>Hermann Fern\u00e1ndez Beade<\/strong>. Desde entonces la empresa ha crecido junto a sus clientes, manteni\u00e9ndose al d\u00eda de los \u00faltimos avances en el sector, comprometi\u00e9ndose a ofrecer una atenci\u00f3n personalizada y un asesoramiento t\u00e9cnico que lleve a encontrar las soluciones perfectas para cada cliente.<\/p>\n<p><strong>Irisem<\/strong>\u00a0proporciona soluciones qu\u00edmicas adaptadas para todo tipo de industrias y proyectos. En la actualidad\u00a0<strong>Irisem<\/strong>\u00a0dispone\u00a0 en sus almacenes de una amplia gama de productos, que junto con la experiencia acumulada\u00a0 en los distintos sectores de actividad, dota a la\u00a0 compa\u00f1\u00eda de un gran poder de reacci\u00f3n ante las demandas de los clientes.<\/p>\n<\/div><div class=\"fusion-clearfix\"><\/div><\/div><\/div><\/div><\/div><\/p>\n","protected":false},"excerpt":{"rendered":"","protected":false},"author":1,"featured_media":0,"parent":0,"menu_order":0,"comment_status":"open","ping_status":"open","template":"","meta":{"footnotes":""},"class_list":["post-19459","page","type-page","status-publish","hentry"],"yoast_head":"<!-- This site is optimized with the Yoast SEO plugin v27.1.1 - https:\/\/yoast.com\/product\/yoast-seo-wordpress\/ -->\n<title>Pigmentos para pl\u00e1sticos - Colorantes para Pl\u00e1sticos<\/title>\n<meta name=\"description\" content=\"Especialistas en pigmentos para pl\u00e1sticos, colorantes y aditivos con m\u00e1s de 25 a\u00f1os de experiencia en el sector de las soluciones qu\u00edmicas\" \/>\n<meta name=\"robots\" content=\"index, follow, max-snippet:-1, max-image-preview:large, max-video-preview:-1\" \/>\n<link rel=\"canonical\" href=\"https:\/\/www.irisem.com\/en\/sanitized-actifresh\/\" \/>\n<meta property=\"og:locale\" content=\"en_US\" \/>\n<meta property=\"og:type\" content=\"article\" \/>\n<meta property=\"og:title\" content=\"Pigmentos para pl\u00e1sticos - Colorantes para Pl\u00e1sticos\" \/>\n<meta property=\"og:description\" content=\"Especialistas en pigmentos para pl\u00e1sticos, colorantes y aditivos con m\u00e1s de 25 a\u00f1os de experiencia en el sector de las soluciones qu\u00edmicas\" \/>\n<meta property=\"og:url\" content=\"https:\/\/www.irisem.com\/en\/sanitized-actifresh\/\" \/>\n<meta property=\"og:site_name\" content=\"Irisem\" \/>\n<meta property=\"article:modified_time\" content=\"2017-09-15T08:00:34+00:00\" \/>\n<meta property=\"og:image\" content=\"http:\/\/www.irisem.com\/wp-content\/uploads\/2015\/02\/biocidas.jpg\" \/>\n<meta name=\"twitter:label1\" content=\"Est. reading time\" \/>\n\t<meta name=\"twitter:data1\" content=\"6 minutes\" \/>\n<script type=\"application\/ld+json\" class=\"yoast-schema-graph\">{\"@context\":\"https:\/\/schema.org\",\"@graph\":[{\"@type\":\"WebPage\",\"@id\":\"https:\/\/www.irisem.com\/en\/sanitized-actifresh\/\",\"url\":\"https:\/\/www.irisem.com\/en\/sanitized-actifresh\/\",\"name\":\"Pigmentos para pl\u00e1sticos - Colorantes para Pl\u00e1sticos\",\"isPartOf\":{\"@id\":\"https:\/\/www.irisem.com\/#website\"},\"primaryImageOfPage\":{\"@id\":\"https:\/\/www.irisem.com\/en\/sanitized-actifresh\/#primaryimage\"},\"image\":{\"@id\":\"https:\/\/www.irisem.com\/en\/sanitized-actifresh\/#primaryimage\"},\"thumbnailUrl\":\"http:\/\/www.irisem.com\/wp-content\/uploads\/2015\/02\/biocidas.jpg\",\"datePublished\":\"2017-09-12T07:07:08+00:00\",\"dateModified\":\"2017-09-15T08:00:34+00:00\",\"description\":\"Especialistas en pigmentos para pl\u00e1sticos, colorantes y aditivos con m\u00e1s de 25 a\u00f1os de experiencia en el sector de las soluciones qu\u00edmicas\",\"breadcrumb\":{\"@id\":\"https:\/\/www.irisem.com\/en\/sanitized-actifresh\/#breadcrumb\"},\"inLanguage\":\"en-US\",\"potentialAction\":[{\"@type\":\"ReadAction\",\"target\":[\"https:\/\/www.irisem.com\/en\/sanitized-actifresh\/\"]}]},{\"@type\":\"ImageObject\",\"inLanguage\":\"en-US\",\"@id\":\"https:\/\/www.irisem.com\/en\/sanitized-actifresh\/#primaryimage\",\"url\":\"http:\/\/www.irisem.com\/wp-content\/uploads\/2015\/02\/biocidas.jpg\",\"contentUrl\":\"http:\/\/www.irisem.com\/wp-content\/uploads\/2015\/02\/biocidas.jpg\"},{\"@type\":\"BreadcrumbList\",\"@id\":\"https:\/\/www.irisem.com\/en\/sanitized-actifresh\/#breadcrumb\",\"itemListElement\":[{\"@type\":\"ListItem\",\"position\":1,\"name\":\"Portada\",\"item\":\"https:\/\/www.irisem.com\/en\/\"},{\"@type\":\"ListItem\",\"position\":2,\"name\":\"Sanitized\"}]},{\"@type\":\"WebSite\",\"@id\":\"https:\/\/www.irisem.com\/#website\",\"url\":\"https:\/\/www.irisem.com\/\",\"name\":\"Irisem\",\"description\":\"Irisem, especialistas en colorantes, aditivos y pigmentos\",\"potentialAction\":[{\"@type\":\"SearchAction\",\"target\":{\"@type\":\"EntryPoint\",\"urlTemplate\":\"https:\/\/www.irisem.com\/?s={search_term_string}\"},\"query-input\":{\"@type\":\"PropertyValueSpecification\",\"valueRequired\":true,\"valueName\":\"search_term_string\"}}],\"inLanguage\":\"en-US\"}]}<\/script>\n<!-- \/ Yoast SEO plugin. -->","yoast_head_json":{"title":"Pigmentos para pl\u00e1sticos - Colorantes para Pl\u00e1sticos","description":"Especialistas en pigmentos para pl\u00e1sticos, colorantes y aditivos con m\u00e1s de 25 a\u00f1os de experiencia en el sector de las soluciones qu\u00edmicas","robots":{"index":"index","follow":"follow","max-snippet":"max-snippet:-1","max-image-preview":"max-image-preview:large","max-video-preview":"max-video-preview:-1"},"canonical":"https:\/\/www.irisem.com\/en\/sanitized-actifresh\/","og_locale":"en_US","og_type":"article","og_title":"Pigmentos para pl\u00e1sticos - Colorantes para Pl\u00e1sticos","og_description":"Especialistas en pigmentos para pl\u00e1sticos, colorantes y aditivos con m\u00e1s de 25 a\u00f1os de experiencia en el sector de las soluciones qu\u00edmicas","og_url":"https:\/\/www.irisem.com\/en\/sanitized-actifresh\/","og_site_name":"Irisem","article_modified_time":"2017-09-15T08:00:34+00:00","og_image":[{"url":"http:\/\/www.irisem.com\/wp-content\/uploads\/2015\/02\/biocidas.jpg","type":"","width":"","height":""}],"twitter_misc":{"Est. reading time":"6 minutes"},"schema":{"@context":"https:\/\/schema.org","@graph":[{"@type":"WebPage","@id":"https:\/\/www.irisem.com\/en\/sanitized-actifresh\/","url":"https:\/\/www.irisem.com\/en\/sanitized-actifresh\/","name":"Pigmentos para pl\u00e1sticos - Colorantes para Pl\u00e1sticos","isPartOf":{"@id":"https:\/\/www.irisem.com\/#website"},"primaryImageOfPage":{"@id":"https:\/\/www.irisem.com\/en\/sanitized-actifresh\/#primaryimage"},"image":{"@id":"https:\/\/www.irisem.com\/en\/sanitized-actifresh\/#primaryimage"},"thumbnailUrl":"http:\/\/www.irisem.com\/wp-content\/uploads\/2015\/02\/biocidas.jpg","datePublished":"2017-09-12T07:07:08+00:00","dateModified":"2017-09-15T08:00:34+00:00","description":"Especialistas en pigmentos para pl\u00e1sticos, colorantes y aditivos con m\u00e1s de 25 a\u00f1os de experiencia en el sector de las soluciones qu\u00edmicas","breadcrumb":{"@id":"https:\/\/www.irisem.com\/en\/sanitized-actifresh\/#breadcrumb"},"inLanguage":"en-US","potentialAction":[{"@type":"ReadAction","target":["https:\/\/www.irisem.com\/en\/sanitized-actifresh\/"]}]},{"@type":"ImageObject","inLanguage":"en-US","@id":"https:\/\/www.irisem.com\/en\/sanitized-actifresh\/#primaryimage","url":"http:\/\/www.irisem.com\/wp-content\/uploads\/2015\/02\/biocidas.jpg","contentUrl":"http:\/\/www.irisem.com\/wp-content\/uploads\/2015\/02\/biocidas.jpg"},{"@type":"BreadcrumbList","@id":"https:\/\/www.irisem.com\/en\/sanitized-actifresh\/#breadcrumb","itemListElement":[{"@type":"ListItem","position":1,"name":"Portada","item":"https:\/\/www.irisem.com\/en\/"},{"@type":"ListItem","position":2,"name":"Sanitized"}]},{"@type":"WebSite","@id":"https:\/\/www.irisem.com\/#website","url":"https:\/\/www.irisem.com\/","name":"Irisem","description":"Irisem, especialistas en colorantes, aditivos y pigmentos","potentialAction":[{"@type":"SearchAction","target":{"@type":"EntryPoint","urlTemplate":"https:\/\/www.irisem.com\/?s={search_term_string}"},"query-input":{"@type":"PropertyValueSpecification","valueRequired":true,"valueName":"search_term_string"}}],"inLanguage":"en-US"}]}},"_links":{"self":[{"href":"https:\/\/www.irisem.com\/en\/wp-json\/wp\/v2\/pages\/19459","targetHints":{"allow":["GET"]}}],"collection":[{"href":"https:\/\/www.irisem.com\/en\/wp-json\/wp\/v2\/pages"}],"about":[{"href":"https:\/\/www.irisem.com\/en\/wp-json\/wp\/v2\/types\/page"}],"author":[{"embeddable":true,"href":"https:\/\/www.irisem.com\/en\/wp-json\/wp\/v2\/users\/1"}],"replies":[{"embeddable":true,"href":"https:\/\/www.irisem.com\/en\/wp-json\/wp\/v2\/comments?post=19459"}],"version-history":[{"count":0,"href":"https:\/\/www.irisem.com\/en\/wp-json\/wp\/v2\/pages\/19459\/revisions"}],"wp:attachment":[{"href":"https:\/\/www.irisem.com\/en\/wp-json\/wp\/v2\/media?parent=19459"}],"curies":[{"name":"wp","href":"https:\/\/api.w.org\/{rel}","templated":true}]}}