{"id":19448,"date":"2017-09-11T14:03:39","date_gmt":"2017-09-11T12:03:39","guid":{"rendered":"http:\/\/www.irisem.com\/pigmentos-pinturas\/"},"modified":"2017-09-14T14:44:10","modified_gmt":"2017-09-14T12:44:10","slug":"paints-and-vanishes","status":"publish","type":"page","link":"https:\/\/www.irisem.com\/en\/paints-and-vanishes\/","title":{"rendered":"Paints and vanishes"},"content":{"rendered":"<p><div class=\"fusion-fullwidth fullwidth-box fusion-builder-row-1 nonhundred-percent-fullwidth non-hundred-percent-height-scrolling\" style=\"--awb-border-radius-top-left:0px;--awb-border-radius-top-right:0px;--awb-border-radius-bottom-right:0px;--awb-border-radius-bottom-left:0px;--awb-flex-wrap:wrap;\" ><div class=\"fusion-builder-row fusion-row\"><div class=\"fusion-layout-column fusion_builder_column fusion-builder-column-0 fusion_builder_column_1_1 1_1 fusion-one-full fusion-column-first fusion-column-last\" style=\"--awb-bg-size:cover;\"><div class=\"fusion-column-wrapper fusion-flex-column-wrapper-legacy\"><div class=\"fusion-text fusion-text-1\"><h2>Chemical Solutions for the Paints and Varnishes Industry<\/h2>\n<p><img decoding=\"async\" class=\"size-full wp-image-19166 alignleft\" src=\"http:\/\/www.irisem.com\/wp-content\/uploads\/2015\/02\/pinturas.jpg\" alt=\"\" width=\"213\" height=\"213\" \/>Manufacturers of whatever kind of coatings will be surprised to find just how much help our specialised personnel can provide them with, offering both the products and tailor-made assessment that will allow them to obtain the necessary added value in each situation with our pigments for paints.<\/p>\n<h4 style=\"padding-left: 60px; text-align: justify;\">A wide range of products and solutions that will allow our clients to meet the challenges that the markets are demanding. \u201cAsk us about all that is new on the market.<\/h4>\n<div>\n<p><img decoding=\"async\" class=\"wp-image-669 alignright\" src=\"http:\/\/www.irisem.com\/wp-content\/uploads\/2014\/11\/israel-nadal.png\" alt=\"Hermann Fern\u00e1ndez Beade\" width=\"108\" height=\"84\" \/><\/p>\n<h5 style=\"text-align: right;\">Israel Nadal<\/h5>\n<h6 style=\"text-align: right;\">Sales Director<\/h6>\n<\/div>\n<\/div><div class=\"fusion-clearfix\"><\/div><\/div><\/div><\/div><\/div><div class=\"fusion-fullwidth fullwidth-box fusion-builder-row-2 nonhundred-percent-fullwidth non-hundred-percent-height-scrolling\" style=\"--awb-border-radius-top-left:0px;--awb-border-radius-top-right:0px;--awb-border-radius-bottom-right:0px;--awb-border-radius-bottom-left:0px;--awb-margin-top:80px;--awb-flex-wrap:wrap;\" ><div class=\"fusion-builder-row fusion-row\"><div class=\"fusion-layout-column fusion_builder_column fusion-builder-column-1 fusion_builder_column_1_1 1_1 fusion-one-full fusion-column-first fusion-column-last\" style=\"--awb-bg-size:cover;\"><div class=\"fusion-column-wrapper fusion-flex-column-wrapper-legacy\"><div class=\"fusion-text fusion-text-2\"><p style=\"text-align: justify;\">The range of products developed for this market includes additives, colourings and pure pigments, along with an extensive range of preparations that pave the way their use, depending on the application and\/or the needs of each customer.n.<\/p>\n<h3>Sectors in which we are present<\/h3>\n<p>At Irisem we have built up a great deal of experience in multiple industrial sectors, and this has allowed us to gain a detailed understanding of the specific requirements of each individual company. Our know-how allows us not only to provide the service that you may require but also guidance on how to make the best possible use of your resources.<\/p>\n<p>Below we list some of the most important sectors in which we have developed projects of this type.<\/p>\n<div style=\"width: 50%; float: left;\">\u2013 Decorative paint<br \/>\n\u2013 Powder paint<br \/>\n\u2013 Industrial paint<\/div>\n<div style=\"width: 50%; float: left;\">\u2013 Varnishes<br \/>\n\u2013 Inks<br \/>\n\u2013 Fine arts<br \/>\n\u2013 Specialities<\/div>\n<p>Do not hesitate to contact us, whatever your needs may be. We will provide comprehensive assessment and technical support, working on your project in a personalised way.<\/p>\n<\/div><div class=\"fusion-clearfix\"><\/div><\/div><\/div><\/div><\/div><\/p>\n","protected":false},"excerpt":{"rendered":"","protected":false},"author":1,"featured_media":0,"parent":0,"menu_order":0,"comment_status":"open","ping_status":"open","template":"","meta":{"footnotes":""},"class_list":["post-19448","page","type-page","status-publish","hentry"],"yoast_head":"<!-- This site is optimized with the Yoast SEO plugin v27.1.1 - https:\/\/yoast.com\/product\/yoast-seo-wordpress\/ -->\n<title>Pigmentos para pl\u00e1sticos - Colorantes para Pl\u00e1sticos<\/title>\n<meta name=\"description\" content=\"Especialistas en pigmentos para pl\u00e1sticos, colorantes y aditivos con m\u00e1s de 25 a\u00f1os de experiencia en el sector de las soluciones qu\u00edmicas\" \/>\n<meta name=\"robots\" content=\"index, follow, max-snippet:-1, max-image-preview:large, max-video-preview:-1\" \/>\n<link rel=\"canonical\" href=\"https:\/\/www.irisem.com\/en\/paints-and-vanishes\/\" \/>\n<meta property=\"og:locale\" content=\"en_US\" \/>\n<meta property=\"og:type\" content=\"article\" \/>\n<meta property=\"og:title\" content=\"Pigmentos para pl\u00e1sticos - Colorantes para Pl\u00e1sticos\" \/>\n<meta property=\"og:description\" content=\"Especialistas en pigmentos para pl\u00e1sticos, colorantes y aditivos con m\u00e1s de 25 a\u00f1os de experiencia en el sector de las soluciones qu\u00edmicas\" \/>\n<meta property=\"og:url\" content=\"https:\/\/www.irisem.com\/en\/paints-and-vanishes\/\" \/>\n<meta property=\"og:site_name\" content=\"Irisem\" \/>\n<meta property=\"article:modified_time\" content=\"2017-09-14T12:44:10+00:00\" \/>\n<meta property=\"og:image\" content=\"http:\/\/www.irisem.com\/wp-content\/uploads\/2015\/02\/pinturas.jpg\" \/>\n<meta name=\"twitter:label1\" content=\"Est. reading time\" \/>\n\t<meta name=\"twitter:data1\" content=\"3 minutes\" \/>\n<script type=\"application\/ld+json\" class=\"yoast-schema-graph\">{\"@context\":\"https:\/\/schema.org\",\"@graph\":[{\"@type\":\"WebPage\",\"@id\":\"https:\/\/www.irisem.com\/en\/paints-and-vanishes\/\",\"url\":\"https:\/\/www.irisem.com\/en\/paints-and-vanishes\/\",\"name\":\"Pigmentos para pl\u00e1sticos - Colorantes para Pl\u00e1sticos\",\"isPartOf\":{\"@id\":\"https:\/\/www.irisem.com\/#website\"},\"primaryImageOfPage\":{\"@id\":\"https:\/\/www.irisem.com\/en\/paints-and-vanishes\/#primaryimage\"},\"image\":{\"@id\":\"https:\/\/www.irisem.com\/en\/paints-and-vanishes\/#primaryimage\"},\"thumbnailUrl\":\"http:\/\/www.irisem.com\/wp-content\/uploads\/2015\/02\/pinturas.jpg\",\"datePublished\":\"2017-09-11T12:03:39+00:00\",\"dateModified\":\"2017-09-14T12:44:10+00:00\",\"description\":\"Especialistas en pigmentos para pl\u00e1sticos, colorantes y aditivos con m\u00e1s de 25 a\u00f1os de experiencia en el sector de las soluciones qu\u00edmicas\",\"breadcrumb\":{\"@id\":\"https:\/\/www.irisem.com\/en\/paints-and-vanishes\/#breadcrumb\"},\"inLanguage\":\"en-US\",\"potentialAction\":[{\"@type\":\"ReadAction\",\"target\":[\"https:\/\/www.irisem.com\/en\/paints-and-vanishes\/\"]}]},{\"@type\":\"ImageObject\",\"inLanguage\":\"en-US\",\"@id\":\"https:\/\/www.irisem.com\/en\/paints-and-vanishes\/#primaryimage\",\"url\":\"http:\/\/www.irisem.com\/wp-content\/uploads\/2015\/02\/pinturas.jpg\",\"contentUrl\":\"http:\/\/www.irisem.com\/wp-content\/uploads\/2015\/02\/pinturas.jpg\"},{\"@type\":\"BreadcrumbList\",\"@id\":\"https:\/\/www.irisem.com\/en\/paints-and-vanishes\/#breadcrumb\",\"itemListElement\":[{\"@type\":\"ListItem\",\"position\":1,\"name\":\"Portada\",\"item\":\"https:\/\/www.irisem.com\/en\/\"},{\"@type\":\"ListItem\",\"position\":2,\"name\":\"Paints and vanishes\"}]},{\"@type\":\"WebSite\",\"@id\":\"https:\/\/www.irisem.com\/#website\",\"url\":\"https:\/\/www.irisem.com\/\",\"name\":\"Irisem\",\"description\":\"Irisem, especialistas en colorantes, aditivos y pigmentos\",\"potentialAction\":[{\"@type\":\"SearchAction\",\"target\":{\"@type\":\"EntryPoint\",\"urlTemplate\":\"https:\/\/www.irisem.com\/?s={search_term_string}\"},\"query-input\":{\"@type\":\"PropertyValueSpecification\",\"valueRequired\":true,\"valueName\":\"search_term_string\"}}],\"inLanguage\":\"en-US\"}]}<\/script>\n<!-- \/ Yoast SEO plugin. -->","yoast_head_json":{"title":"Pigmentos para pl\u00e1sticos - Colorantes para Pl\u00e1sticos","description":"Especialistas en pigmentos para pl\u00e1sticos, colorantes y aditivos con m\u00e1s de 25 a\u00f1os de experiencia en el sector de las soluciones qu\u00edmicas","robots":{"index":"index","follow":"follow","max-snippet":"max-snippet:-1","max-image-preview":"max-image-preview:large","max-video-preview":"max-video-preview:-1"},"canonical":"https:\/\/www.irisem.com\/en\/paints-and-vanishes\/","og_locale":"en_US","og_type":"article","og_title":"Pigmentos para pl\u00e1sticos - Colorantes para Pl\u00e1sticos","og_description":"Especialistas en pigmentos para pl\u00e1sticos, colorantes y aditivos con m\u00e1s de 25 a\u00f1os de experiencia en el sector de las soluciones qu\u00edmicas","og_url":"https:\/\/www.irisem.com\/en\/paints-and-vanishes\/","og_site_name":"Irisem","article_modified_time":"2017-09-14T12:44:10+00:00","og_image":[{"url":"http:\/\/www.irisem.com\/wp-content\/uploads\/2015\/02\/pinturas.jpg","type":"","width":"","height":""}],"twitter_misc":{"Est. reading time":"3 minutes"},"schema":{"@context":"https:\/\/schema.org","@graph":[{"@type":"WebPage","@id":"https:\/\/www.irisem.com\/en\/paints-and-vanishes\/","url":"https:\/\/www.irisem.com\/en\/paints-and-vanishes\/","name":"Pigmentos para pl\u00e1sticos - Colorantes para Pl\u00e1sticos","isPartOf":{"@id":"https:\/\/www.irisem.com\/#website"},"primaryImageOfPage":{"@id":"https:\/\/www.irisem.com\/en\/paints-and-vanishes\/#primaryimage"},"image":{"@id":"https:\/\/www.irisem.com\/en\/paints-and-vanishes\/#primaryimage"},"thumbnailUrl":"http:\/\/www.irisem.com\/wp-content\/uploads\/2015\/02\/pinturas.jpg","datePublished":"2017-09-11T12:03:39+00:00","dateModified":"2017-09-14T12:44:10+00:00","description":"Especialistas en pigmentos para pl\u00e1sticos, colorantes y aditivos con m\u00e1s de 25 a\u00f1os de experiencia en el sector de las soluciones qu\u00edmicas","breadcrumb":{"@id":"https:\/\/www.irisem.com\/en\/paints-and-vanishes\/#breadcrumb"},"inLanguage":"en-US","potentialAction":[{"@type":"ReadAction","target":["https:\/\/www.irisem.com\/en\/paints-and-vanishes\/"]}]},{"@type":"ImageObject","inLanguage":"en-US","@id":"https:\/\/www.irisem.com\/en\/paints-and-vanishes\/#primaryimage","url":"http:\/\/www.irisem.com\/wp-content\/uploads\/2015\/02\/pinturas.jpg","contentUrl":"http:\/\/www.irisem.com\/wp-content\/uploads\/2015\/02\/pinturas.jpg"},{"@type":"BreadcrumbList","@id":"https:\/\/www.irisem.com\/en\/paints-and-vanishes\/#breadcrumb","itemListElement":[{"@type":"ListItem","position":1,"name":"Portada","item":"https:\/\/www.irisem.com\/en\/"},{"@type":"ListItem","position":2,"name":"Paints and vanishes"}]},{"@type":"WebSite","@id":"https:\/\/www.irisem.com\/#website","url":"https:\/\/www.irisem.com\/","name":"Irisem","description":"Irisem, especialistas en colorantes, aditivos y pigmentos","potentialAction":[{"@type":"SearchAction","target":{"@type":"EntryPoint","urlTemplate":"https:\/\/www.irisem.com\/?s={search_term_string}"},"query-input":{"@type":"PropertyValueSpecification","valueRequired":true,"valueName":"search_term_string"}}],"inLanguage":"en-US"}]}},"_links":{"self":[{"href":"https:\/\/www.irisem.com\/en\/wp-json\/wp\/v2\/pages\/19448","targetHints":{"allow":["GET"]}}],"collection":[{"href":"https:\/\/www.irisem.com\/en\/wp-json\/wp\/v2\/pages"}],"about":[{"href":"https:\/\/www.irisem.com\/en\/wp-json\/wp\/v2\/types\/page"}],"author":[{"embeddable":true,"href":"https:\/\/www.irisem.com\/en\/wp-json\/wp\/v2\/users\/1"}],"replies":[{"embeddable":true,"href":"https:\/\/www.irisem.com\/en\/wp-json\/wp\/v2\/comments?post=19448"}],"version-history":[{"count":0,"href":"https:\/\/www.irisem.com\/en\/wp-json\/wp\/v2\/pages\/19448\/revisions"}],"wp:attachment":[{"href":"https:\/\/www.irisem.com\/en\/wp-json\/wp\/v2\/media?parent=19448"}],"curies":[{"name":"wp","href":"https:\/\/api.w.org\/{rel}","templated":true}]}}