{"id":19435,"date":"2017-09-11T13:47:02","date_gmt":"2017-09-11T11:47:02","guid":{"rendered":"http:\/\/www.irisem.com\/quimicos-curtido\/"},"modified":"2017-09-14T14:40:47","modified_gmt":"2017-09-14T12:40:47","slug":"tanning","status":"publish","type":"page","link":"https:\/\/www.irisem.com\/en\/tanning\/","title":{"rendered":"Tanning"},"content":{"rendered":"<p><div class=\"fusion-fullwidth fullwidth-box fusion-builder-row-1 nonhundred-percent-fullwidth non-hundred-percent-height-scrolling\" style=\"--awb-border-radius-top-left:0px;--awb-border-radius-top-right:0px;--awb-border-radius-bottom-right:0px;--awb-border-radius-bottom-left:0px;--awb-flex-wrap:wrap;\" ><div class=\"fusion-builder-row fusion-row\"><div class=\"fusion-layout-column fusion_builder_column fusion-builder-column-0 fusion_builder_column_1_1 1_1 fusion-one-full fusion-column-first fusion-column-last\" style=\"--awb-bg-size:cover;\"><div class=\"fusion-column-wrapper fusion-flex-column-wrapper-legacy\"><div class=\"fusion-text fusion-text-1\"><h2>Products for the Tanning Industry<\/h2>\n<p style=\"text-align: justify;\"><img decoding=\"async\" class=\"size-full wp-image-19166 alignleft\" src=\"http:\/\/www.irisem.com\/wp-content\/uploads\/2015\/02\/curtidos.jpg\" alt=\"\" width=\"213\" height=\"213\" \/>We offer a wide range of services and chemical solutions for leather tanning, including all leather manufacturing processes, both in terms of treatment at a chemical level and with regard to dyes and colouring.<\/p>\n<p>Our goal is to provide a level of technical and aesthetic superiority that will highlight the quality of your products, making the most of their characteristics and properties, looking into specific needs and adapting ourselves to the particular aspects of each case.<\/p>\n<h4 style=\"padding-left: 60px; text-align: justify;\">We have the colourings and additives for drum-dying processes, as well as colourings and pigments for use in the finishing of all manner of leathers and suedes.<\/h4>\n<div>\n<p><img decoding=\"async\" class=\"wp-image-669 alignright\" src=\"http:\/\/www.irisem.com\/wp-content\/uploads\/2015\/02\/pedro-fernandez.png\" alt=\"Pedro Fern\u00e1ndez\" width=\"108\" height=\"84\" \/><\/p>\n<h5 style=\"text-align: right;\">Pedro Fern\u00e1ndez<\/h5>\n<h6 style=\"text-align: right;\">Sales technician<\/h6>\n<h6 style=\"text-align: right;\">Specialist in tanning, plastics and paints<\/h6>\n<\/div>\n<\/div><div class=\"fusion-clearfix\"><\/div><\/div><\/div><\/div><\/div><div class=\"fusion-fullwidth fullwidth-box fusion-builder-row-2 nonhundred-percent-fullwidth non-hundred-percent-height-scrolling\" style=\"--awb-border-radius-top-left:0px;--awb-border-radius-top-right:0px;--awb-border-radius-bottom-right:0px;--awb-border-radius-bottom-left:0px;--awb-margin-top:80px;--awb-flex-wrap:wrap;\" ><div class=\"fusion-builder-row fusion-row\"><div class=\"fusion-layout-column fusion_builder_column fusion-builder-column-1 fusion_builder_column_1_1 1_1 fusion-one-full fusion-column-first fusion-column-last\" style=\"--awb-bg-size:cover;\"><div class=\"fusion-column-wrapper fusion-flex-column-wrapper-legacy\"><div class=\"fusion-text fusion-text-2\"><h3>Product technical sheet<\/h3>\n<p>Among our most important services for the tanning industry you will find:<\/p>\n<p>\u2013 Wet end<br \/> \u2013 Leather finish<br \/> \u2013 Coatings and finishes<\/p>\n<p style=\"text-align: justify;\">Although we can also take on a wide range of projects and design tailor-made solutions, based on a specific evaluation of your requirements. You can, free of all commitment, ask us about any of our new leather treatment products or this season\u2019s colours, and our technical team will be delighted to provide you with all of the information that you need.<\/p>\n<\/div><div class=\"fusion-clearfix\"><\/div><\/div><\/div><\/div><\/div><\/p>\n","protected":false},"excerpt":{"rendered":"","protected":false},"author":1,"featured_media":0,"parent":0,"menu_order":0,"comment_status":"open","ping_status":"open","template":"","meta":{"footnotes":""},"class_list":["post-19435","page","type-page","status-publish","hentry"],"yoast_head":"<!-- This site is optimized with the Yoast SEO plugin v27.1.1 - https:\/\/yoast.com\/product\/yoast-seo-wordpress\/ -->\n<title>Pigmentos para pl\u00e1sticos - Colorantes para Pl\u00e1sticos<\/title>\n<meta name=\"description\" content=\"Especialistas en pigmentos para pl\u00e1sticos, colorantes y aditivos con m\u00e1s de 25 a\u00f1os de experiencia en el sector de las soluciones qu\u00edmicas\" \/>\n<meta name=\"robots\" content=\"index, follow, max-snippet:-1, max-image-preview:large, max-video-preview:-1\" \/>\n<link rel=\"canonical\" href=\"https:\/\/www.irisem.com\/en\/tanning\/\" \/>\n<meta property=\"og:locale\" content=\"en_US\" \/>\n<meta property=\"og:type\" content=\"article\" \/>\n<meta property=\"og:title\" content=\"Pigmentos para pl\u00e1sticos - Colorantes para Pl\u00e1sticos\" \/>\n<meta property=\"og:description\" content=\"Especialistas en pigmentos para pl\u00e1sticos, colorantes y aditivos con m\u00e1s de 25 a\u00f1os de experiencia en el sector de las soluciones qu\u00edmicas\" \/>\n<meta property=\"og:url\" content=\"https:\/\/www.irisem.com\/en\/tanning\/\" \/>\n<meta property=\"og:site_name\" content=\"Irisem\" \/>\n<meta property=\"article:modified_time\" content=\"2017-09-14T12:40:47+00:00\" \/>\n<meta property=\"og:image\" content=\"http:\/\/www.irisem.com\/wp-content\/uploads\/2015\/02\/curtidos.jpg\" \/>\n<meta name=\"twitter:label1\" content=\"Est. reading time\" \/>\n\t<meta name=\"twitter:data1\" content=\"3 minutes\" \/>\n<script type=\"application\/ld+json\" class=\"yoast-schema-graph\">{\"@context\":\"https:\/\/schema.org\",\"@graph\":[{\"@type\":\"WebPage\",\"@id\":\"https:\/\/www.irisem.com\/en\/tanning\/\",\"url\":\"https:\/\/www.irisem.com\/en\/tanning\/\",\"name\":\"Pigmentos para pl\u00e1sticos - Colorantes para Pl\u00e1sticos\",\"isPartOf\":{\"@id\":\"https:\/\/www.irisem.com\/#website\"},\"primaryImageOfPage\":{\"@id\":\"https:\/\/www.irisem.com\/en\/tanning\/#primaryimage\"},\"image\":{\"@id\":\"https:\/\/www.irisem.com\/en\/tanning\/#primaryimage\"},\"thumbnailUrl\":\"http:\/\/www.irisem.com\/wp-content\/uploads\/2015\/02\/curtidos.jpg\",\"datePublished\":\"2017-09-11T11:47:02+00:00\",\"dateModified\":\"2017-09-14T12:40:47+00:00\",\"description\":\"Especialistas en pigmentos para pl\u00e1sticos, colorantes y aditivos con m\u00e1s de 25 a\u00f1os de experiencia en el sector de las soluciones qu\u00edmicas\",\"breadcrumb\":{\"@id\":\"https:\/\/www.irisem.com\/en\/tanning\/#breadcrumb\"},\"inLanguage\":\"en-US\",\"potentialAction\":[{\"@type\":\"ReadAction\",\"target\":[\"https:\/\/www.irisem.com\/en\/tanning\/\"]}]},{\"@type\":\"ImageObject\",\"inLanguage\":\"en-US\",\"@id\":\"https:\/\/www.irisem.com\/en\/tanning\/#primaryimage\",\"url\":\"http:\/\/www.irisem.com\/wp-content\/uploads\/2015\/02\/curtidos.jpg\",\"contentUrl\":\"http:\/\/www.irisem.com\/wp-content\/uploads\/2015\/02\/curtidos.jpg\"},{\"@type\":\"BreadcrumbList\",\"@id\":\"https:\/\/www.irisem.com\/en\/tanning\/#breadcrumb\",\"itemListElement\":[{\"@type\":\"ListItem\",\"position\":1,\"name\":\"Portada\",\"item\":\"https:\/\/www.irisem.com\/en\/\"},{\"@type\":\"ListItem\",\"position\":2,\"name\":\"Tanning\"}]},{\"@type\":\"WebSite\",\"@id\":\"https:\/\/www.irisem.com\/#website\",\"url\":\"https:\/\/www.irisem.com\/\",\"name\":\"Irisem\",\"description\":\"Irisem, especialistas en colorantes, aditivos y pigmentos\",\"potentialAction\":[{\"@type\":\"SearchAction\",\"target\":{\"@type\":\"EntryPoint\",\"urlTemplate\":\"https:\/\/www.irisem.com\/?s={search_term_string}\"},\"query-input\":{\"@type\":\"PropertyValueSpecification\",\"valueRequired\":true,\"valueName\":\"search_term_string\"}}],\"inLanguage\":\"en-US\"}]}<\/script>\n<!-- \/ Yoast SEO plugin. -->","yoast_head_json":{"title":"Pigmentos para pl\u00e1sticos - Colorantes para Pl\u00e1sticos","description":"Especialistas en pigmentos para pl\u00e1sticos, colorantes y aditivos con m\u00e1s de 25 a\u00f1os de experiencia en el sector de las soluciones qu\u00edmicas","robots":{"index":"index","follow":"follow","max-snippet":"max-snippet:-1","max-image-preview":"max-image-preview:large","max-video-preview":"max-video-preview:-1"},"canonical":"https:\/\/www.irisem.com\/en\/tanning\/","og_locale":"en_US","og_type":"article","og_title":"Pigmentos para pl\u00e1sticos - Colorantes para Pl\u00e1sticos","og_description":"Especialistas en pigmentos para pl\u00e1sticos, colorantes y aditivos con m\u00e1s de 25 a\u00f1os de experiencia en el sector de las soluciones qu\u00edmicas","og_url":"https:\/\/www.irisem.com\/en\/tanning\/","og_site_name":"Irisem","article_modified_time":"2017-09-14T12:40:47+00:00","og_image":[{"url":"http:\/\/www.irisem.com\/wp-content\/uploads\/2015\/02\/curtidos.jpg","type":"","width":"","height":""}],"twitter_misc":{"Est. reading time":"3 minutes"},"schema":{"@context":"https:\/\/schema.org","@graph":[{"@type":"WebPage","@id":"https:\/\/www.irisem.com\/en\/tanning\/","url":"https:\/\/www.irisem.com\/en\/tanning\/","name":"Pigmentos para pl\u00e1sticos - Colorantes para Pl\u00e1sticos","isPartOf":{"@id":"https:\/\/www.irisem.com\/#website"},"primaryImageOfPage":{"@id":"https:\/\/www.irisem.com\/en\/tanning\/#primaryimage"},"image":{"@id":"https:\/\/www.irisem.com\/en\/tanning\/#primaryimage"},"thumbnailUrl":"http:\/\/www.irisem.com\/wp-content\/uploads\/2015\/02\/curtidos.jpg","datePublished":"2017-09-11T11:47:02+00:00","dateModified":"2017-09-14T12:40:47+00:00","description":"Especialistas en pigmentos para pl\u00e1sticos, colorantes y aditivos con m\u00e1s de 25 a\u00f1os de experiencia en el sector de las soluciones qu\u00edmicas","breadcrumb":{"@id":"https:\/\/www.irisem.com\/en\/tanning\/#breadcrumb"},"inLanguage":"en-US","potentialAction":[{"@type":"ReadAction","target":["https:\/\/www.irisem.com\/en\/tanning\/"]}]},{"@type":"ImageObject","inLanguage":"en-US","@id":"https:\/\/www.irisem.com\/en\/tanning\/#primaryimage","url":"http:\/\/www.irisem.com\/wp-content\/uploads\/2015\/02\/curtidos.jpg","contentUrl":"http:\/\/www.irisem.com\/wp-content\/uploads\/2015\/02\/curtidos.jpg"},{"@type":"BreadcrumbList","@id":"https:\/\/www.irisem.com\/en\/tanning\/#breadcrumb","itemListElement":[{"@type":"ListItem","position":1,"name":"Portada","item":"https:\/\/www.irisem.com\/en\/"},{"@type":"ListItem","position":2,"name":"Tanning"}]},{"@type":"WebSite","@id":"https:\/\/www.irisem.com\/#website","url":"https:\/\/www.irisem.com\/","name":"Irisem","description":"Irisem, especialistas en colorantes, aditivos y pigmentos","potentialAction":[{"@type":"SearchAction","target":{"@type":"EntryPoint","urlTemplate":"https:\/\/www.irisem.com\/?s={search_term_string}"},"query-input":{"@type":"PropertyValueSpecification","valueRequired":true,"valueName":"search_term_string"}}],"inLanguage":"en-US"}]}},"_links":{"self":[{"href":"https:\/\/www.irisem.com\/en\/wp-json\/wp\/v2\/pages\/19435","targetHints":{"allow":["GET"]}}],"collection":[{"href":"https:\/\/www.irisem.com\/en\/wp-json\/wp\/v2\/pages"}],"about":[{"href":"https:\/\/www.irisem.com\/en\/wp-json\/wp\/v2\/types\/page"}],"author":[{"embeddable":true,"href":"https:\/\/www.irisem.com\/en\/wp-json\/wp\/v2\/users\/1"}],"replies":[{"embeddable":true,"href":"https:\/\/www.irisem.com\/en\/wp-json\/wp\/v2\/comments?post=19435"}],"version-history":[{"count":0,"href":"https:\/\/www.irisem.com\/en\/wp-json\/wp\/v2\/pages\/19435\/revisions"}],"wp:attachment":[{"href":"https:\/\/www.irisem.com\/en\/wp-json\/wp\/v2\/media?parent=19435"}],"curies":[{"name":"wp","href":"https:\/\/api.w.org\/{rel}","templated":true}]}}