{"id":19430,"date":"2017-09-11T13:37:14","date_gmt":"2017-09-11T11:37:14","guid":{"rendered":"http:\/\/www.irisem.com\/tintas\/"},"modified":"2017-09-14T14:01:27","modified_gmt":"2017-09-14T12:01:27","slug":"inks","status":"publish","type":"page","link":"https:\/\/www.irisem.com\/en\/inks\/","title":{"rendered":"Inks"},"content":{"rendered":"<p><div class=\"fusion-fullwidth fullwidth-box fusion-builder-row-1 nonhundred-percent-fullwidth non-hundred-percent-height-scrolling\" style=\"--awb-border-radius-top-left:0px;--awb-border-radius-top-right:0px;--awb-border-radius-bottom-right:0px;--awb-border-radius-bottom-left:0px;--awb-flex-wrap:wrap;\" ><div class=\"fusion-builder-row fusion-row\"><div class=\"fusion-layout-column fusion_builder_column fusion-builder-column-0 fusion_builder_column_1_1 1_1 fusion-one-full fusion-column-first fusion-column-last\" style=\"--awb-bg-size:cover;\"><div class=\"fusion-column-wrapper fusion-flex-column-wrapper-legacy\"><div class=\"fusion-text fusion-text-1\"><h2>Chemical Solutions for the Inks Industry<\/h2>\n<p style=\"text-align: justify;\"><img decoding=\"async\" class=\"size-full wp-image-19166 alignleft\" src=\"http:\/\/www.irisem.com\/wp-content\/uploads\/2015\/05\/tintas.jpg\" alt=\"\" width=\"213\" height=\"213\" \/>We have a wide range of colourings, pigments, preparations and ancillary products for manufacturing the special inks employed in different printing systems.<\/p>\n<h4 style=\"padding-left: 60px; text-align: justify;\">We can provide colourings and pigments, both in their pure form and made up in preparations, to further the development and manufacture of a wide range of inks.<\/h4>\n<div>\n<p><img decoding=\"async\" class=\"wp-image-669 alignright\" src=\"http:\/\/www.irisem.com\/wp-content\/uploads\/2014\/11\/israel-nadal.png\" alt=\"Israel Nadal\" width=\"108\" height=\"84\" \/><\/p>\n<h5 style=\"text-align: right;\">Israel Nadal<\/h5>\n<h6 style=\"text-align: right;\">Sales Director<\/h6>\n<\/div>\n<\/div><div class=\"fusion-clearfix\"><\/div><\/div><\/div><\/div><\/div><div class=\"fusion-fullwidth fullwidth-box fusion-builder-row-2 nonhundred-percent-fullwidth non-hundred-percent-height-scrolling\" style=\"--awb-border-radius-top-left:0px;--awb-border-radius-top-right:0px;--awb-border-radius-bottom-right:0px;--awb-border-radius-bottom-left:0px;--awb-margin-top:80px;--awb-flex-wrap:wrap;\" ><div class=\"fusion-builder-row fusion-row\"><div class=\"fusion-layout-column fusion_builder_column fusion-builder-column-1 fusion_builder_column_1_2 1_2 fusion-one-half fusion-column-first\" style=\"--awb-bg-size:cover;width:48%; margin-right: 4%;\"><div class=\"fusion-column-wrapper fusion-flex-column-wrapper-legacy\"><div class=\"fusion-text fusion-text-2\"><h3>Ink solutions for artistic printing systems<\/h3>\n<p>At Irisem we make inks that comply with the highest demands and adapt to multiple types of systems, such as printing or lithography, among others, for application to a range of different surfaces.<\/p>\n<h3>Inks for application to different surfaces<\/h3>\n<p>Textiles, pottery, glass, plastics, paper, wood, metal\u2026 At Irisem we work on solutions for any kind of surface.<\/p>\n<p>Whatever you need, consult us and our technical team will draw up a tailor-made study in order to come up with the best solution.<\/p>\n<\/div><div class=\"fusion-clearfix\"><\/div><\/div><\/div><div class=\"fusion-layout-column fusion_builder_column fusion-builder-column-2 fusion_builder_column_1_2 1_2 fusion-one-half fusion-column-last\" style=\"--awb-bg-size:cover;width:48%;\"><div class=\"fusion-column-wrapper fusion-flex-column-wrapper-legacy\"><div class=\"fusion-text fusion-text-3\"><h3>Ink solutions for industrial printing systems<\/h3>\n<p>We make inks that are apt for all of the most important industrial systems, in particular, among others, the following:<\/p>\n<div style=\"float: left; width: 50%;\">\u2013 Letterpress<br \/>\n\u2013 Lithography<br \/>\n\u2013 Offset<br \/>\n\u2013 Screen printing<\/div>\n<div style=\"float: left; width: 50%;\">\u2013 Pad printing<br \/>\n\u2013 Aniline printing<br \/>\n\u2013 Gravure<br \/>\n\u2013 Ink-jet<\/div>\n<p>&nbsp;<\/p>\n<h3>Ink solutions for digital printing systems<\/h3>\n<p>We provide solutions for both ink injection and laser systems.<\/p>\n<\/div><div class=\"fusion-clearfix\"><\/div><\/div><\/div><\/div><\/div><\/p>\n","protected":false},"excerpt":{"rendered":"","protected":false},"author":1,"featured_media":0,"parent":0,"menu_order":0,"comment_status":"open","ping_status":"open","template":"","meta":{"footnotes":""},"class_list":["post-19430","page","type-page","status-publish","hentry"],"yoast_head":"<!-- This site is optimized with the Yoast SEO plugin v27.1.1 - https:\/\/yoast.com\/product\/yoast-seo-wordpress\/ -->\n<title>Pigmentos para pl\u00e1sticos - Colorantes para Pl\u00e1sticos<\/title>\n<meta name=\"description\" content=\"Especialistas en pigmentos para pl\u00e1sticos, colorantes y aditivos con m\u00e1s de 25 a\u00f1os de experiencia en el sector de las soluciones qu\u00edmicas\" \/>\n<meta name=\"robots\" content=\"index, follow, max-snippet:-1, max-image-preview:large, max-video-preview:-1\" \/>\n<link rel=\"canonical\" href=\"https:\/\/www.irisem.com\/en\/inks\/\" \/>\n<meta property=\"og:locale\" content=\"en_US\" \/>\n<meta property=\"og:type\" content=\"article\" \/>\n<meta property=\"og:title\" content=\"Pigmentos para pl\u00e1sticos - Colorantes para Pl\u00e1sticos\" \/>\n<meta property=\"og:description\" content=\"Especialistas en pigmentos para pl\u00e1sticos, colorantes y aditivos con m\u00e1s de 25 a\u00f1os de experiencia en el sector de las soluciones qu\u00edmicas\" \/>\n<meta property=\"og:url\" content=\"https:\/\/www.irisem.com\/en\/inks\/\" \/>\n<meta property=\"og:site_name\" content=\"Irisem\" \/>\n<meta property=\"article:modified_time\" content=\"2017-09-14T12:01:27+00:00\" \/>\n<meta property=\"og:image\" content=\"http:\/\/www.irisem.com\/wp-content\/uploads\/2015\/05\/tintas.jpg\" \/>\n<meta name=\"twitter:label1\" content=\"Est. reading time\" \/>\n\t<meta name=\"twitter:data1\" content=\"3 minutes\" \/>\n<script type=\"application\/ld+json\" class=\"yoast-schema-graph\">{\"@context\":\"https:\/\/schema.org\",\"@graph\":[{\"@type\":\"WebPage\",\"@id\":\"https:\/\/www.irisem.com\/en\/inks\/\",\"url\":\"https:\/\/www.irisem.com\/en\/inks\/\",\"name\":\"Pigmentos para pl\u00e1sticos - Colorantes para Pl\u00e1sticos\",\"isPartOf\":{\"@id\":\"https:\/\/www.irisem.com\/#website\"},\"primaryImageOfPage\":{\"@id\":\"https:\/\/www.irisem.com\/en\/inks\/#primaryimage\"},\"image\":{\"@id\":\"https:\/\/www.irisem.com\/en\/inks\/#primaryimage\"},\"thumbnailUrl\":\"http:\/\/www.irisem.com\/wp-content\/uploads\/2015\/05\/tintas.jpg\",\"datePublished\":\"2017-09-11T11:37:14+00:00\",\"dateModified\":\"2017-09-14T12:01:27+00:00\",\"description\":\"Especialistas en pigmentos para pl\u00e1sticos, colorantes y aditivos con m\u00e1s de 25 a\u00f1os de experiencia en el sector de las soluciones qu\u00edmicas\",\"breadcrumb\":{\"@id\":\"https:\/\/www.irisem.com\/en\/inks\/#breadcrumb\"},\"inLanguage\":\"en-US\",\"potentialAction\":[{\"@type\":\"ReadAction\",\"target\":[\"https:\/\/www.irisem.com\/en\/inks\/\"]}]},{\"@type\":\"ImageObject\",\"inLanguage\":\"en-US\",\"@id\":\"https:\/\/www.irisem.com\/en\/inks\/#primaryimage\",\"url\":\"http:\/\/www.irisem.com\/wp-content\/uploads\/2015\/05\/tintas.jpg\",\"contentUrl\":\"http:\/\/www.irisem.com\/wp-content\/uploads\/2015\/05\/tintas.jpg\"},{\"@type\":\"BreadcrumbList\",\"@id\":\"https:\/\/www.irisem.com\/en\/inks\/#breadcrumb\",\"itemListElement\":[{\"@type\":\"ListItem\",\"position\":1,\"name\":\"Portada\",\"item\":\"https:\/\/www.irisem.com\/en\/\"},{\"@type\":\"ListItem\",\"position\":2,\"name\":\"Inks\"}]},{\"@type\":\"WebSite\",\"@id\":\"https:\/\/www.irisem.com\/#website\",\"url\":\"https:\/\/www.irisem.com\/\",\"name\":\"Irisem\",\"description\":\"Irisem, especialistas en colorantes, aditivos y pigmentos\",\"potentialAction\":[{\"@type\":\"SearchAction\",\"target\":{\"@type\":\"EntryPoint\",\"urlTemplate\":\"https:\/\/www.irisem.com\/?s={search_term_string}\"},\"query-input\":{\"@type\":\"PropertyValueSpecification\",\"valueRequired\":true,\"valueName\":\"search_term_string\"}}],\"inLanguage\":\"en-US\"}]}<\/script>\n<!-- \/ Yoast SEO plugin. -->","yoast_head_json":{"title":"Pigmentos para pl\u00e1sticos - Colorantes para Pl\u00e1sticos","description":"Especialistas en pigmentos para pl\u00e1sticos, colorantes y aditivos con m\u00e1s de 25 a\u00f1os de experiencia en el sector de las soluciones qu\u00edmicas","robots":{"index":"index","follow":"follow","max-snippet":"max-snippet:-1","max-image-preview":"max-image-preview:large","max-video-preview":"max-video-preview:-1"},"canonical":"https:\/\/www.irisem.com\/en\/inks\/","og_locale":"en_US","og_type":"article","og_title":"Pigmentos para pl\u00e1sticos - Colorantes para Pl\u00e1sticos","og_description":"Especialistas en pigmentos para pl\u00e1sticos, colorantes y aditivos con m\u00e1s de 25 a\u00f1os de experiencia en el sector de las soluciones qu\u00edmicas","og_url":"https:\/\/www.irisem.com\/en\/inks\/","og_site_name":"Irisem","article_modified_time":"2017-09-14T12:01:27+00:00","og_image":[{"url":"http:\/\/www.irisem.com\/wp-content\/uploads\/2015\/05\/tintas.jpg","type":"","width":"","height":""}],"twitter_misc":{"Est. reading time":"3 minutes"},"schema":{"@context":"https:\/\/schema.org","@graph":[{"@type":"WebPage","@id":"https:\/\/www.irisem.com\/en\/inks\/","url":"https:\/\/www.irisem.com\/en\/inks\/","name":"Pigmentos para pl\u00e1sticos - Colorantes para Pl\u00e1sticos","isPartOf":{"@id":"https:\/\/www.irisem.com\/#website"},"primaryImageOfPage":{"@id":"https:\/\/www.irisem.com\/en\/inks\/#primaryimage"},"image":{"@id":"https:\/\/www.irisem.com\/en\/inks\/#primaryimage"},"thumbnailUrl":"http:\/\/www.irisem.com\/wp-content\/uploads\/2015\/05\/tintas.jpg","datePublished":"2017-09-11T11:37:14+00:00","dateModified":"2017-09-14T12:01:27+00:00","description":"Especialistas en pigmentos para pl\u00e1sticos, colorantes y aditivos con m\u00e1s de 25 a\u00f1os de experiencia en el sector de las soluciones qu\u00edmicas","breadcrumb":{"@id":"https:\/\/www.irisem.com\/en\/inks\/#breadcrumb"},"inLanguage":"en-US","potentialAction":[{"@type":"ReadAction","target":["https:\/\/www.irisem.com\/en\/inks\/"]}]},{"@type":"ImageObject","inLanguage":"en-US","@id":"https:\/\/www.irisem.com\/en\/inks\/#primaryimage","url":"http:\/\/www.irisem.com\/wp-content\/uploads\/2015\/05\/tintas.jpg","contentUrl":"http:\/\/www.irisem.com\/wp-content\/uploads\/2015\/05\/tintas.jpg"},{"@type":"BreadcrumbList","@id":"https:\/\/www.irisem.com\/en\/inks\/#breadcrumb","itemListElement":[{"@type":"ListItem","position":1,"name":"Portada","item":"https:\/\/www.irisem.com\/en\/"},{"@type":"ListItem","position":2,"name":"Inks"}]},{"@type":"WebSite","@id":"https:\/\/www.irisem.com\/#website","url":"https:\/\/www.irisem.com\/","name":"Irisem","description":"Irisem, especialistas en colorantes, aditivos y pigmentos","potentialAction":[{"@type":"SearchAction","target":{"@type":"EntryPoint","urlTemplate":"https:\/\/www.irisem.com\/?s={search_term_string}"},"query-input":{"@type":"PropertyValueSpecification","valueRequired":true,"valueName":"search_term_string"}}],"inLanguage":"en-US"}]}},"_links":{"self":[{"href":"https:\/\/www.irisem.com\/en\/wp-json\/wp\/v2\/pages\/19430","targetHints":{"allow":["GET"]}}],"collection":[{"href":"https:\/\/www.irisem.com\/en\/wp-json\/wp\/v2\/pages"}],"about":[{"href":"https:\/\/www.irisem.com\/en\/wp-json\/wp\/v2\/types\/page"}],"author":[{"embeddable":true,"href":"https:\/\/www.irisem.com\/en\/wp-json\/wp\/v2\/users\/1"}],"replies":[{"embeddable":true,"href":"https:\/\/www.irisem.com\/en\/wp-json\/wp\/v2\/comments?post=19430"}],"version-history":[{"count":0,"href":"https:\/\/www.irisem.com\/en\/wp-json\/wp\/v2\/pages\/19430\/revisions"}],"wp:attachment":[{"href":"https:\/\/www.irisem.com\/en\/wp-json\/wp\/v2\/media?parent=19430"}],"curies":[{"name":"wp","href":"https:\/\/api.w.org\/{rel}","templated":true}]}}