{"id":19420,"date":"2017-09-11T13:14:01","date_gmt":"2017-09-11T11:14:01","guid":{"rendered":"http:\/\/www.irisem.com\/quimicos-textil\/"},"modified":"2017-09-14T13:13:22","modified_gmt":"2017-09-14T11:13:22","slug":"textiles","status":"publish","type":"page","link":"https:\/\/www.irisem.com\/en\/textiles\/","title":{"rendered":"Textiles"},"content":{"rendered":"<p><div class=\"fusion-fullwidth fullwidth-box fusion-builder-row-1 nonhundred-percent-fullwidth non-hundred-percent-height-scrolling\" style=\"--awb-border-radius-top-left:0px;--awb-border-radius-top-right:0px;--awb-border-radius-bottom-right:0px;--awb-border-radius-bottom-left:0px;--awb-flex-wrap:wrap;\" ><div class=\"fusion-builder-row fusion-row\"><div class=\"fusion-layout-column fusion_builder_column fusion-builder-column-0 fusion_builder_column_1_1 1_1 fusion-one-full fusion-column-first fusion-column-last\" style=\"--awb-bg-size:cover;\"><div class=\"fusion-column-wrapper fusion-flex-column-wrapper-legacy\"><div class=\"fusion-text fusion-text-1\"><h2>Products for the Textile Industry<\/h2>\n<p style=\"text-align: justify;\"><img decoding=\"async\" class=\"size-full wp-image-19166 alignleft\" src=\"http:\/\/www.irisem.com\/wp-content\/uploads\/2015\/02\/textil.jpg\" alt=\"\" width=\"213\" height=\"213\" \/>At <strong>Irisem<\/strong> we can supply a wide range of colourings and auxiliary products that allow us to adapt to whatsoever requirement in terms of textile materials. Our technical-sales team will help you to select the product that is best suited to your work conditions, ensuring the highest possible level of performance, and always designed to obtain maximum profitability for your company in terms of product cost and quality.<\/p>\n<h4 style=\"padding-left: 60px; text-align: justify;\">We have both the means and adequate laboratories that will allow us to develop any colouring or new applications and carry out such experimental testing as may be required.<\/h4>\n<div>\n<p><img decoding=\"async\" class=\"wp-image-669 alignright\" src=\"http:\/\/www.irisem.com\/wp-content\/uploads\/2015\/10\/toni-ortiz.png\" alt=\"Toni Ortiz\" width=\"108\" height=\"84\" \/><\/p>\n<h5 style=\"text-align: right;\">Toni Ortiz<\/h5>\n<h6 style=\"text-align: right;\">Sales-technician<\/h6>\n<h6 style=\"text-align: right;\">Specialist in textiles<\/h6>\n<\/div>\n<\/div><div class=\"fusion-clearfix\"><\/div><\/div><\/div><\/div><\/div><div class=\"fusion-fullwidth fullwidth-box fusion-builder-row-2 nonhundred-percent-fullwidth non-hundred-percent-height-scrolling\" style=\"--awb-border-radius-top-left:0px;--awb-border-radius-top-right:0px;--awb-border-radius-bottom-right:0px;--awb-border-radius-bottom-left:0px;--awb-margin-top:80px;--awb-flex-wrap:wrap;\" ><div class=\"fusion-builder-row fusion-row\"><div class=\"fusion-layout-column fusion_builder_column fusion-builder-column-1 fusion_builder_column_1_1 1_1 fusion-one-full fusion-column-first fusion-column-last\" style=\"--awb-bg-size:cover;\"><div class=\"fusion-column-wrapper fusion-flex-column-wrapper-legacy\"><div class=\"fusion-text fusion-text-2\"><h3>Field of application<\/h3>\n<p style=\"text-align: justify;\">We can provide solutions for practically any chemical requirement within the textile sphere, offering high levels of specialisation and tailor-made products.<\/p>\n<p style=\"text-align: justify;\">Among other things, we offer our customers the following range of products, along with the necessary levels of technical support:<\/p>\n<p style=\"text-align: justify;\">\u2013 Colourings for all kinds of fibres (cotton, polyamide, polyester, silk, rayon, wool, etc.)<br \/>\n\u2013 Products aimed at both spinning and weaving preparations (detergents, sequestering, anti-foam agents, decolourisers, anti-creasing agents, mercerising agents, etc.)<br \/>\n\u2013 Textile finishing products (resins, softeners, fluorocarbons, etc.)<\/p>\n<p style=\"text-align: justify;\">The fact that we can draw on our experience in multiple sectors enables us to better understand and assess our customers. Do not hesitate to consult us with regard to any proposal you may have, insofar as we will look into it on a personalised basis.<\/p>\n<\/div><div class=\"fusion-clearfix\"><\/div><\/div><\/div><\/div><\/div><\/p>\n","protected":false},"excerpt":{"rendered":"","protected":false},"author":1,"featured_media":0,"parent":0,"menu_order":0,"comment_status":"open","ping_status":"open","template":"","meta":{"footnotes":""},"class_list":["post-19420","page","type-page","status-publish","hentry"],"yoast_head":"<!-- This site is optimized with the Yoast SEO plugin v27.1.1 - https:\/\/yoast.com\/product\/yoast-seo-wordpress\/ -->\n<title>Pigmentos para pl\u00e1sticos - Colorantes para Pl\u00e1sticos<\/title>\n<meta name=\"description\" content=\"Especialistas en pigmentos para pl\u00e1sticos, colorantes y aditivos con m\u00e1s de 25 a\u00f1os de experiencia en el sector de las soluciones qu\u00edmicas\" \/>\n<meta name=\"robots\" content=\"index, follow, max-snippet:-1, max-image-preview:large, max-video-preview:-1\" \/>\n<link rel=\"canonical\" href=\"https:\/\/www.irisem.com\/en\/textiles\/\" \/>\n<meta property=\"og:locale\" content=\"en_US\" \/>\n<meta property=\"og:type\" content=\"article\" \/>\n<meta property=\"og:title\" content=\"Pigmentos para pl\u00e1sticos - Colorantes para Pl\u00e1sticos\" \/>\n<meta property=\"og:description\" content=\"Especialistas en pigmentos para pl\u00e1sticos, colorantes y aditivos con m\u00e1s de 25 a\u00f1os de experiencia en el sector de las soluciones qu\u00edmicas\" \/>\n<meta property=\"og:url\" content=\"https:\/\/www.irisem.com\/en\/textiles\/\" \/>\n<meta property=\"og:site_name\" content=\"Irisem\" \/>\n<meta property=\"article:modified_time\" content=\"2017-09-14T11:13:22+00:00\" \/>\n<meta property=\"og:image\" content=\"http:\/\/www.irisem.com\/wp-content\/uploads\/2015\/02\/textil.jpg\" \/>\n<meta name=\"twitter:label1\" content=\"Est. reading time\" \/>\n\t<meta name=\"twitter:data1\" content=\"3 minutes\" \/>\n<script type=\"application\/ld+json\" class=\"yoast-schema-graph\">{\"@context\":\"https:\/\/schema.org\",\"@graph\":[{\"@type\":\"WebPage\",\"@id\":\"https:\/\/www.irisem.com\/en\/textiles\/\",\"url\":\"https:\/\/www.irisem.com\/en\/textiles\/\",\"name\":\"Pigmentos para pl\u00e1sticos - Colorantes para Pl\u00e1sticos\",\"isPartOf\":{\"@id\":\"https:\/\/www.irisem.com\/#website\"},\"primaryImageOfPage\":{\"@id\":\"https:\/\/www.irisem.com\/en\/textiles\/#primaryimage\"},\"image\":{\"@id\":\"https:\/\/www.irisem.com\/en\/textiles\/#primaryimage\"},\"thumbnailUrl\":\"http:\/\/www.irisem.com\/wp-content\/uploads\/2015\/02\/textil.jpg\",\"datePublished\":\"2017-09-11T11:14:01+00:00\",\"dateModified\":\"2017-09-14T11:13:22+00:00\",\"description\":\"Especialistas en pigmentos para pl\u00e1sticos, colorantes y aditivos con m\u00e1s de 25 a\u00f1os de experiencia en el sector de las soluciones qu\u00edmicas\",\"breadcrumb\":{\"@id\":\"https:\/\/www.irisem.com\/en\/textiles\/#breadcrumb\"},\"inLanguage\":\"en-US\",\"potentialAction\":[{\"@type\":\"ReadAction\",\"target\":[\"https:\/\/www.irisem.com\/en\/textiles\/\"]}]},{\"@type\":\"ImageObject\",\"inLanguage\":\"en-US\",\"@id\":\"https:\/\/www.irisem.com\/en\/textiles\/#primaryimage\",\"url\":\"http:\/\/www.irisem.com\/wp-content\/uploads\/2015\/02\/textil.jpg\",\"contentUrl\":\"http:\/\/www.irisem.com\/wp-content\/uploads\/2015\/02\/textil.jpg\"},{\"@type\":\"BreadcrumbList\",\"@id\":\"https:\/\/www.irisem.com\/en\/textiles\/#breadcrumb\",\"itemListElement\":[{\"@type\":\"ListItem\",\"position\":1,\"name\":\"Portada\",\"item\":\"https:\/\/www.irisem.com\/en\/\"},{\"@type\":\"ListItem\",\"position\":2,\"name\":\"Textiles\"}]},{\"@type\":\"WebSite\",\"@id\":\"https:\/\/www.irisem.com\/#website\",\"url\":\"https:\/\/www.irisem.com\/\",\"name\":\"Irisem\",\"description\":\"Irisem, especialistas en colorantes, aditivos y pigmentos\",\"potentialAction\":[{\"@type\":\"SearchAction\",\"target\":{\"@type\":\"EntryPoint\",\"urlTemplate\":\"https:\/\/www.irisem.com\/?s={search_term_string}\"},\"query-input\":{\"@type\":\"PropertyValueSpecification\",\"valueRequired\":true,\"valueName\":\"search_term_string\"}}],\"inLanguage\":\"en-US\"}]}<\/script>\n<!-- \/ Yoast SEO plugin. -->","yoast_head_json":{"title":"Pigmentos para pl\u00e1sticos - Colorantes para Pl\u00e1sticos","description":"Especialistas en pigmentos para pl\u00e1sticos, colorantes y aditivos con m\u00e1s de 25 a\u00f1os de experiencia en el sector de las soluciones qu\u00edmicas","robots":{"index":"index","follow":"follow","max-snippet":"max-snippet:-1","max-image-preview":"max-image-preview:large","max-video-preview":"max-video-preview:-1"},"canonical":"https:\/\/www.irisem.com\/en\/textiles\/","og_locale":"en_US","og_type":"article","og_title":"Pigmentos para pl\u00e1sticos - Colorantes para Pl\u00e1sticos","og_description":"Especialistas en pigmentos para pl\u00e1sticos, colorantes y aditivos con m\u00e1s de 25 a\u00f1os de experiencia en el sector de las soluciones qu\u00edmicas","og_url":"https:\/\/www.irisem.com\/en\/textiles\/","og_site_name":"Irisem","article_modified_time":"2017-09-14T11:13:22+00:00","og_image":[{"url":"http:\/\/www.irisem.com\/wp-content\/uploads\/2015\/02\/textil.jpg","type":"","width":"","height":""}],"twitter_misc":{"Est. reading time":"3 minutes"},"schema":{"@context":"https:\/\/schema.org","@graph":[{"@type":"WebPage","@id":"https:\/\/www.irisem.com\/en\/textiles\/","url":"https:\/\/www.irisem.com\/en\/textiles\/","name":"Pigmentos para pl\u00e1sticos - Colorantes para Pl\u00e1sticos","isPartOf":{"@id":"https:\/\/www.irisem.com\/#website"},"primaryImageOfPage":{"@id":"https:\/\/www.irisem.com\/en\/textiles\/#primaryimage"},"image":{"@id":"https:\/\/www.irisem.com\/en\/textiles\/#primaryimage"},"thumbnailUrl":"http:\/\/www.irisem.com\/wp-content\/uploads\/2015\/02\/textil.jpg","datePublished":"2017-09-11T11:14:01+00:00","dateModified":"2017-09-14T11:13:22+00:00","description":"Especialistas en pigmentos para pl\u00e1sticos, colorantes y aditivos con m\u00e1s de 25 a\u00f1os de experiencia en el sector de las soluciones qu\u00edmicas","breadcrumb":{"@id":"https:\/\/www.irisem.com\/en\/textiles\/#breadcrumb"},"inLanguage":"en-US","potentialAction":[{"@type":"ReadAction","target":["https:\/\/www.irisem.com\/en\/textiles\/"]}]},{"@type":"ImageObject","inLanguage":"en-US","@id":"https:\/\/www.irisem.com\/en\/textiles\/#primaryimage","url":"http:\/\/www.irisem.com\/wp-content\/uploads\/2015\/02\/textil.jpg","contentUrl":"http:\/\/www.irisem.com\/wp-content\/uploads\/2015\/02\/textil.jpg"},{"@type":"BreadcrumbList","@id":"https:\/\/www.irisem.com\/en\/textiles\/#breadcrumb","itemListElement":[{"@type":"ListItem","position":1,"name":"Portada","item":"https:\/\/www.irisem.com\/en\/"},{"@type":"ListItem","position":2,"name":"Textiles"}]},{"@type":"WebSite","@id":"https:\/\/www.irisem.com\/#website","url":"https:\/\/www.irisem.com\/","name":"Irisem","description":"Irisem, especialistas en colorantes, aditivos y pigmentos","potentialAction":[{"@type":"SearchAction","target":{"@type":"EntryPoint","urlTemplate":"https:\/\/www.irisem.com\/?s={search_term_string}"},"query-input":{"@type":"PropertyValueSpecification","valueRequired":true,"valueName":"search_term_string"}}],"inLanguage":"en-US"}]}},"_links":{"self":[{"href":"https:\/\/www.irisem.com\/en\/wp-json\/wp\/v2\/pages\/19420","targetHints":{"allow":["GET"]}}],"collection":[{"href":"https:\/\/www.irisem.com\/en\/wp-json\/wp\/v2\/pages"}],"about":[{"href":"https:\/\/www.irisem.com\/en\/wp-json\/wp\/v2\/types\/page"}],"author":[{"embeddable":true,"href":"https:\/\/www.irisem.com\/en\/wp-json\/wp\/v2\/users\/1"}],"replies":[{"embeddable":true,"href":"https:\/\/www.irisem.com\/en\/wp-json\/wp\/v2\/comments?post=19420"}],"version-history":[{"count":0,"href":"https:\/\/www.irisem.com\/en\/wp-json\/wp\/v2\/pages\/19420\/revisions"}],"wp:attachment":[{"href":"https:\/\/www.irisem.com\/en\/wp-json\/wp\/v2\/media?parent=19420"}],"curies":[{"name":"wp","href":"https:\/\/api.w.org\/{rel}","templated":true}]}}